{"id":1043,"date":"2016-08-27T11:15:50","date_gmt":"2016-08-27T11:15:50","guid":{"rendered":"http:\/\/fuencactiva.org\/?page_id=1043"},"modified":"2020-02-02T19:59:00","modified_gmt":"2020-02-02T18:59:00","slug":"espacios","status":"publish","type":"page","link":"https:\/\/fuencactiva.org\/?page_id=1043","title":{"rendered":"Espacios"},"content":{"rendered":"\n<p class=\"has-medium-font-size\"><strong>Los espacios ciudadanos autogestionados son espacios de construcci\u00f3n pol\u00edtica de la ciudadan\u00eda, lugares de aprendizaje a trav\u00e9s de las distintas actividades colectivas que se organizan, foros de encuentro donde las diversidades se conectan y aprenden a convivir con autogobierno, y a realizar actividades abiertas al barrio&#8230;<\/strong><\/p>\n\n\n\n<p class=\"has-medium-font-size\">Adem\u00e1s de las sedes de las diferentes entidades ciudadanas que disponen de ella, existen otros espacios colectivos que con diversas denominaciones,&nbsp; tienen vocaci\u00f3n de ser espacios abiertos autogestionados por diferentes colectivos, grupos y entidades. Espacios que pueden ser alquilados, cedidos en su totalidad o en parte por la instituci\u00f3n, pero tambi\u00e9n ocupados ante las necesidades existentes y los pocos recursos p\u00fablicos que se ofrecen a la iniciativa ciudadana.<\/p>\n\n\n\n<p class=\"has-medium-font-size\">En un distrito tan grande como el nuestro, por ejemplo, son pocos espacios los que podemos rese\u00f1ar aqu\u00ed, y aunque en estos \u00faltimos a\u00f1os hemos mejorado algo, a\u00fan existen grandes carencias.<\/p>\n\n\n\n<p class=\"has-medium-font-size\"><strong><a href=\"http:\/\/www.avlaflor.org\/?page_id=2165\" target=\"_blank\" rel=\"noreferrer noopener\" aria-label=\"Espacio Vecinal Autogestionado del Centro Comunitario Guatemala (se abre en una nueva pesta\u00f1a)\">Espacio Vecinal Autogestionado del Centro Comunitario Guatemala<\/a>&nbsp;<\/strong><\/p>\n\n\n\n<p class=\"has-medium-font-size\"><strong><a href=\"https:\/\/www.facebook.com\/csaplayagata\/?__tn__=%2Cd%2CP-R&amp;eid=ARCmGsVSYkXwkeVBvN5KTCN8UGwPS-b3BhDkTpnjGidoI6197mqp0JhFkXALXTNJr0QQWWbO1YOi-70k\" target=\"_blank\" rel=\"noreferrer noopener\" aria-label=\"Centro Social Autogestionado Playa Gata (se abre en una nueva pesta\u00f1a)\">Centro Social Autogestionado Playa Gata<\/a>\u00a0<\/strong><\/p>\n\n\n\n<p class=\"has-medium-font-size\"><strong><a href=\"http:\/\/fuencactiva.org\/?page_id=171\" target=\"_blank\" rel=\"noopener noreferrer\">Centro Social Autogestionado la Piluka<\/a>&nbsp;<\/strong><\/p>\n\n\n\n<p class=\"has-medium-font-size\"><strong><a href=\"http:\/\/fuencactiva.org\/?page_id=173\" target=\"_blank\" rel=\"noopener noreferrer\">Escuela Popular de Personas Adultas<\/a>&nbsp;<\/strong><\/p>\n\n\n\n<p class=\"has-medium-font-size\"><a rel=\"noopener noreferrer\" href=\"http:\/\/fuencactiva.org\/?page_id=192\" target=\"_blank\"><strong>Huertos Comunitarios<\/strong><\/a><\/p>\n","protected":false},"excerpt":{"rendered":"<p>Los espacios ciudadanos autogestionados son espacios de construcci\u00f3n pol\u00edtica de la ciudadan\u00eda, lugares de aprendizaje a trav\u00e9s de las distintas actividades colectivas que se organizan, foros de encuentro donde las diversidades se conectan y aprenden a convivir con autogobierno, y a realizar actividades abiertas al barrio&#8230; Adem\u00e1s de las sedes de las diferentes entidades ciudadanas [&hellip;]<\/p>\n","protected":false},"author":5,"featured_media":0,"parent":12,"menu_order":1,"comment_status":"closed","ping_status":"closed","template":"","meta":[],"jetpack_sharing_enabled":true,"_links":{"self":[{"href":"https:\/\/fuencactiva.org\/index.php?rest_route=\/wp\/v2\/pages\/1043"}],"collection":[{"href":"https:\/\/fuencactiva.org\/index.php?rest_route=\/wp\/v2\/pages"}],"about":[{"href":"https:\/\/fuencactiva.org\/index.php?rest_route=\/wp\/v2\/types\/page"}],"author":[{"embeddable":true,"href":"https:\/\/fuencactiva.org\/index.php?rest_route=\/wp\/v2\/users\/5"}],"replies":[{"embeddable":true,"href":"https:\/\/fuencactiva.org\/index.php?rest_route=%2Fwp%2Fv2%2Fcomments&post=1043"}],"version-history":[{"count":8,"href":"https:\/\/fuencactiva.org\/index.php?rest_route=\/wp\/v2\/pages\/1043\/revisions"}],"predecessor-version":[{"id":3369,"href":"https:\/\/fuencactiva.org\/index.php?rest_route=\/wp\/v2\/pages\/1043\/revisions\/3369"}],"up":[{"embeddable":true,"href":"https:\/\/fuencactiva.org\/index.php?rest_route=\/wp\/v2\/pages\/12"}],"wp:attachment":[{"href":"https:\/\/fuencactiva.org\/index.php?rest_route=%2Fwp%2Fv2%2Fmedia&parent=1043"}],"curies":[{"name":"wp","href":"https:\/\/api.w.org\/{rel}","templated":true}]}}