{"id":12,"date":"2015-07-31T22:32:34","date_gmt":"2015-07-31T20:32:34","guid":{"rendered":"https:\/\/fuencactiva.wordpress.com\/?page_id=12"},"modified":"2021-08-28T10:56:07","modified_gmt":"2021-08-28T08:56:07","slug":"iniciativa-ciudadana","status":"publish","type":"page","link":"https:\/\/fuencactiva.org\/?page_id=12","title":{"rendered":"Iniciativa Ciudadana"},"content":{"rendered":"\n<p class=\"has-medium-font-size\">Entendemos por iniciativa ciudadana, aquellas acciones que nos llevan a juntarnos unas personas con otras con el objetivo de alcanzar metas comunes. Tambi\u00e9n hay iniciativa ciudadana individual, y siempre es de agradecer y apoyar la creatividad de las personas, pero para alcanzar objetivos comunes, no individuales, <strong>es indispensable que la creatividad individual se ponga al servicio del com\u00fan<\/strong>, y esto se puede hacer de diferentes maneras.<\/p>\n\n\n\n<p class=\"has-medium-font-size\">La forma b\u00e1sica reconocida es la constituci\u00f3n de <strong>asociaciones<\/strong>, en t\u00e9rminos legales, o de <strong>colectivos informales<\/strong>, que se re\u00fanen en torno a objetivos concretos definidos y aceptados por quienes los integran. Otra forma reconocida es la constituci\u00f3n de <strong>redes, foros o plataformas<\/strong> integradas por distintas asociaciones, personas y\/o colectivos, que buscan una ampliaci\u00f3n y repercusi\u00f3n de determinados objetivos sobre los que trabajan en com\u00fan. Estas redes pueden funcionar de forma presencial y\/o de forma online.<\/p>\n\n\n\n<p class=\"has-medium-font-size\">Y otras formas de trabajar colectivamente son los <strong>espacios f\u00edsico-pol\u00edticos, que pueden ser espacios comunitarios  (cogestionados con las instituciones y mediatizados por la normativa a la que se acogen) o espacios autogestionados  promovidos desde la iniciativa ciudadana y, por tanto, con normas de autogobierno.<\/strong> Tambi\u00e9n pueden darse espacios mixtos.<\/p>\n\n\n\n<p class=\"has-medium-font-size\">En general, en cualquier espacio de iniciativa ciudadana, se requiere apertura de miras y respeto mutuo por parte de todos sus componentes, pues no necesariamente tienen que estar de acuerdo en todo lo que hace cada uno de ellos. Aunque las personas se buscan por afinidades gen\u00e9ricas,  no necesariamente ha de haber total afinidad en los objetivos, en la forma de abordarlos, en su priorizaci\u00f3n&#8230; Ni entre las personas o entidades que comparten el espacio, ni entre algunas de estas y la instituci\u00f3n, en el caso de espacios cogestionados. <\/p>\n\n\n\n<p class=\"has-medium-font-size\">En los espacios autogestionados se parte siempre de la iniciativa ciudadana, pero ello no conlleva por s\u00ed que las actividades y las tomas de decisiones sean compartidas. Se requiere un <strong>permanente trabajo de cuidados<\/strong>, que incluye la escucha activa, la deliberaci\u00f3n, la priorizaci\u00f3n, el aprendizaje mutuo&#8230;<\/p>\n\n\n\n<p class=\"has-medium-font-size\">Para <strong>asegurar la iniciativa ciudadana, ya sea en espacios propios o en los espacios institucionales<\/strong> hay que tener en cuenta, siempre, los citados elementos clave de <strong>escucha activa, deliberaci\u00f3n y negociaci\u00f3n<\/strong>, pero tambi\u00e9n saber que <strong>cualquier normativa deja resquicios para desbordarla<\/strong>.<\/p>\n\n\n\n<p class=\"has-medium-font-size\">Y, sobre todo, tenemos que saber que cada uno de estos niveles (asociaciones, redes y espacios) tienen objetivos  y formas de hacer las cosas diferentes.<\/p>\n","protected":false},"excerpt":{"rendered":"<p>Entendemos por iniciativa ciudadana, aquellas acciones que nos llevan a juntarnos unas personas con otras con el objetivo de alcanzar metas comunes. Tambi\u00e9n hay iniciativa ciudadana individual, y siempre es de agradecer y apoyar la creatividad de las personas, pero para alcanzar objetivos comunes, no individuales, es indispensable que la creatividad individual se ponga al [&hellip;]<\/p>\n","protected":false},"author":5,"featured_media":0,"parent":0,"menu_order":14,"comment_status":"closed","ping_status":"closed","template":"","meta":[],"jetpack_sharing_enabled":false,"_links":{"self":[{"href":"https:\/\/fuencactiva.org\/index.php?rest_route=\/wp\/v2\/pages\/12"}],"collection":[{"href":"https:\/\/fuencactiva.org\/index.php?rest_route=\/wp\/v2\/pages"}],"about":[{"href":"https:\/\/fuencactiva.org\/index.php?rest_route=\/wp\/v2\/types\/page"}],"author":[{"embeddable":true,"href":"https:\/\/fuencactiva.org\/index.php?rest_route=\/wp\/v2\/users\/5"}],"replies":[{"embeddable":true,"href":"https:\/\/fuencactiva.org\/index.php?rest_route=%2Fwp%2Fv2%2Fcomments&post=12"}],"version-history":[{"count":7,"href":"https:\/\/fuencactiva.org\/index.php?rest_route=\/wp\/v2\/pages\/12\/revisions"}],"predecessor-version":[{"id":3715,"href":"https:\/\/fuencactiva.org\/index.php?rest_route=\/wp\/v2\/pages\/12\/revisions\/3715"}],"wp:attachment":[{"href":"https:\/\/fuencactiva.org\/index.php?rest_route=%2Fwp%2Fv2%2Fmedia&parent=12"}],"curies":[{"name":"wp","href":"https:\/\/api.w.org\/{rel}","templated":true}]}}