{"id":122,"date":"2015-08-02T18:32:52","date_gmt":"2015-08-02T18:32:52","guid":{"rendered":"http:\/\/fuencactiva.org\/?page_id=122"},"modified":"2019-08-28T12:29:11","modified_gmt":"2019-08-28T10:29:11","slug":"centros-de-mayores","status":"publish","type":"page","link":"https:\/\/fuencactiva.org\/?page_id=122","title":{"rendered":"Centros de Personas Mayores"},"content":{"rendered":"\n<p class=\"has-medium-font-size\">Madrid cuenta con centros de personas mayores en todos los distritos donde el objetivo, seg\u00fan el reglamento de los mismos, es\u00a0\u00abpotenciar la participaci\u00f3n del mayor en la vida social y prevenir su deterioro biopsicosocial\u00bb.\u00a0Para cumplir este objetivo, se realizan actividades de ocio, utilizaci\u00f3n del tiempo libre saludable y la promoci\u00f3n del voluntariado. Tambi\u00e9n\u00a0prestan \u00a0servicios como cafeter\u00eda, comedor, peluquer\u00eda, podolog\u00eda, talleres diversos\u2026<\/p>\n\n\n\n<p class=\"has-medium-font-size\">Son centros de ocio y servicios que, aunque cubren algunas necesidades, no promueven ning\u00fan tipo de participaci\u00f3n de las personas mayores en la vida p\u00fablica del distrito. Por el contrario, las relega a espacios cerrados (solo pueden participar mayores de 65 a\u00f1os), d\u00e1ndose la paradoja de que los mismos talleres que imparten en el centro de mayores de la Vaguada, por ejemplo, se dan en el centro cultural del mismo nombre, situado en el mismo edificio pero con diferentes entradas.<\/p>\n\n\n\n<p class=\"has-medium-font-size\"><span style=\"color: #000000;\"><strong>Por qu\u00e9 ser mayor de 65 a\u00f1os tiene que ser sin\u00f3nimo de segregaci\u00f3n biopsicosocial?<\/strong><\/span><\/p>\n\n\n\n<p class=\"has-medium-font-size\">Es importante que actuemos desde dentro y desde fuera de estos centros segregadores, y que construyamos <strong>espacios intergeneracionales<\/strong> donde convivamos e interactuemos todas las personas, independientemente de las edades que tengamos. <span style=\"color: #000000;\"><strong>Tener en cuenta la diversidad de necesidades y de intereses no tiene nada que ver con la segregaci\u00f3n biopsicosocial a la que sometemos a las personas por raz\u00f3n de su edad.<\/strong><\/span><\/p>\n\n\n\n<p class=\"has-medium-font-size\">En el distrito hay seis centros municipales de personas mayores y uno dependiente de la Comunidad de Madrid, en el barrio Virgen de Bego\u00f1a.<\/p>\n\n\n\n<p class=\"has-medium-font-size\"><a rel=\"noopener noreferrer\" href=\"http:\/\/www.madrid.es\/vgn-ext-templating\/v\/index.jsp?vgnextoid=e89515a11a81c010VgnVCM1000000b205a0aRCRD&amp;vgnextchannel=c432de1f33872210VgnVCM2000000c205a0aRCRD&amp;vgnextfmt=default\" target=\"_blank\"><strong>Centro Municipal de Mayores &#8216;Ginzo de Limia&#8217;<\/strong><\/a><\/p>\n\n\n\n<p class=\"has-medium-font-size\"><a rel=\"noopener noreferrer\" href=\"http:\/\/www.madrid.es\/vgn-ext-templating\/v\/index.jsp?vgnextoid=de8166051361c010VgnVCM1000000b205a0aRCRD&amp;vgnextchannel=c432de1f33872210VgnVCM2000000c205a0aRCRD&amp;vgnextfmt=default\" target=\"_blank\"><strong>Centro Municipal de Mayores &#8216;Pe\u00f1agrande&#8217;<\/strong><\/a><\/p>\n\n\n\n<p class=\"has-medium-font-size\"><a rel=\"noopener noreferrer\" href=\"http:\/\/www.madrid.es\/vgn-ext-templating\/v\/index.jsp?vgnextoid=69ef66051361c010VgnVCM1000000b205a0aRCRD&amp;vgnextchannel=c432de1f33872210VgnVCM2000000c205a0aRCRD&amp;vgnextfmt=default\" target=\"_blank\"><strong>Centro Municipal de Mayores &#8216;Islas Jarvi&#8217;<\/strong><\/a><\/p>\n\n\n\n<p class=\"has-medium-font-size\"><a rel=\"noopener noreferrer\" href=\"http:\/\/www.madrid.es\/vgn-ext-templating\/v\/index.jsp?vgnextoid=86bb3d232e91f010VgnVCM1000000b205a0aRCRD&amp;vgnextchannel=c432de1f33872210VgnVCM2000000c205a0aRCRD&amp;vgnextfmt=default\" target=\"_blank\"><strong>Centro Municipal de Mayores &#8216;Alfonso XII&#8217;<\/strong><\/a><\/p>\n\n\n\n<p class=\"has-medium-font-size\"><a rel=\"noopener noreferrer\" href=\"http:\/\/www.madrid.es\/vgn-ext-templating\/v\/index.jsp?vgnextoid=a28066051361c010VgnVCM1000000b205a0aRCRD&amp;vgnextchannel=c432de1f33872210VgnVCM2000000c205a0aRCRD&amp;vgnextfmt=default\" target=\"_blank\"><strong>Centro Municipal de Mayores &#8216;La Vaguada&#8217;<\/strong><\/a><\/p>\n\n\n\n<p class=\"has-medium-font-size\"><a rel=\"noopener noreferrer\" href=\"http:\/\/www.madrid.es\/vgn-ext-templating\/v\/index.jsp?vgnextoid=de8a0aab9fbe3210VgnVCM2000000c205a0aRCRD&amp;vgnextchannel=c432de1f33872210VgnVCM2000000c205a0aRCRD&amp;vgnextfmt=default\" target=\"_blank\"><strong>Centro Municipal de Mayores &#8216;Vocal Vecino Justo Sierra&#8217;<\/strong><\/a><\/p>\n\n\n\n<p class=\"has-medium-font-size\"><a rel=\"noopener noreferrer\" href=\"http:\/\/www.madrid.mobi\/portales\/munimadrid\/es\/Inicio\/Ayuntamiento\/Fuencarral-El-Pardo\/Direcciones-y-telefonos\/Centro-para-Mayores-Virgen-de-Bego%C3%B1a.-Comunidad-de-Madrid?vgnextfmt=default&amp;vgnextoid=ad95007f8441f010VgnVCM1000000b205a0aRCRD&amp;vgnextchannel=0593d47ffee28010VgnVCM100000dc0ca8c0RCRD\" target=\"_blank\"><strong>Centro para Mayores Virgen de Bego\u00f1a. Comunidad de Madrid<\/strong><\/a><\/p>\n\n\n\n<p class=\"has-medium-font-size\"><strong><span style=\"color: #000000;\">Los centros municipales de mayores\u00a0se rigen por unos estatutos y un reglamento de r\u00e9gimen interior, <\/span>que puedes ver aqu\u00ed:\u00a0<\/strong><a rel=\"noopener noreferrer\" href=\"http:\/\/www.madrid.es\/UnidadesDescentralizadas\/Mayores\/Publicaciones\/Ficheros\/Estatutos%20de%20los%20CMM\/Estatutos%20y%20reglamento%20de%20los%20CMM.pdf\" target=\"_blank\"><strong>Estatutos y Reglamento de R\u00e9gimen Interior de los Centros Municipales de Mayores<\/strong><\/a><\/p>\n\n\n\n<p class=\"has-medium-font-size\">En la legislatura pasada, e impulsado desde las mesas de personas mayores de distintos foros locales, se comenz\u00f3 a debatir la reforma de estos estatutos, que habr\u00e1 que continuar los pr\u00f3ximos meses.<\/p>\n\n\n\n<p class=\"has-medium-font-size\">Existe tambi\u00e9n un <a rel=\"noopener noreferrer\" href=\"http:\/\/www.madrid.es\/portales\/munimadrid\/es\/Inicio\/El-Ayuntamiento\/Servicios-sociales\/Mayores\/Consejo-sectorial-de-las-personas-mayores-de-Madrid?vgnextfmt=default&amp;vgnextoid=5b605892b8c70410VgnVCM1000000b205a0aRCRD&amp;vgnextchannel=c432de1f33872210VgnVCM2000000c205a0aRCRD\" target=\"_blank\"><strong>Consejo Sectorial de las personas mayores<\/strong><\/a><strong>,<\/strong> cuya finalidad es\u00a0canalizar la participaci\u00f3n de lxs mayores, \u00aba trav\u00e9s de las asociaciones m\u00e1s representativas de la ciudad de Madrid.<\/p>\n\n\n\n<p class=\"has-medium-font-size\">Aqu\u00ed tienes alguna informaci\u00f3n complementaria sobre las personas mayores, incluyendo el estudio que se realiz\u00f3 en el 2018 en el distrito.<\/p>\n\n\n\n<p class=\"has-medium-font-size\"><a rel=\"noreferrer noopener\" aria-label=\"Mayores (Ayto Madrid) (abre en una nueva pesta\u00f1a)\" href=\"https:\/\/www.madrid.es\/portales\/munimadrid\/es\/Inicio\/Mayores\/?vgnextfmt=default&amp;vgnextchannel=cf30b7dd3f7fe410VgnVCM1000000b205a0aRCRD&amp;vgnextoid=cf30b7dd3f7fe410VgnVCM1000000b205a0aRCRD\" target=\"_blank\"><strong>Madrid con los a\u00f1os<\/strong><\/a>. Portal del Ayuntamiento de Madrid<\/p>\n\n\n\n<p class=\"has-medium-font-size\"><a rel=\"noopener noreferrer\" href=\"http:\/\/www.madrid.es\/portales\/munimadrid\/es\/Inicio\/El-Ayuntamiento\/Servicios-sociales\/Mayores\/Convivencia-Intergeneracional?vgnextfmt=default&amp;vgnextoid=6ee5ccc22acef310VgnVCM2000000c205a0aRCRD&amp;vgnextchannel=c432de1f33872210VgnVCM2000000c205a0aRCRD\" target=\"_blank\"><strong>Convivencia intergeneracional<\/strong><\/a>.  Programa del Ayo Madrid,  para potenciar las relaciones intergeneracionales entre personas mayores de 65 a\u00f1os y j\u00f3venes estudiantes universitarixs en un clima de convivencia solidaria, compartiendo vivienda, conocimientos, experiencias o emociones, en el seno de una relaci\u00f3n de ayuda mutua. <\/p>\n\n\n\n<p class=\"has-medium-font-size\"><a rel=\"noopener noreferrer\" href=\"http:\/\/www.madrid.org\/cs\/Satellite?pagename=PMAY\/Page\/PMAY_home&amp;language=es\" target=\"_blank\"><strong>Mayores<\/strong><\/a>. Portal de la Comunidad de Madrid<\/p>\n\n\n\n<p class=\"has-medium-font-size\"><strong><a rel=\"noreferrer noopener\" aria-label=\"IMSERSO (abre en una nueva pesta\u00f1a)\" href=\"http:\/\/www.imserso.es\/imserso_01\/index.htm\" target=\"_blank\">IMSERSO<\/a><\/strong>. Instituto de Mayores y Servicios Sociales del Ministerio de Sanidad, Consumo y Bienestar Social<\/p>\n\n\n\n<p class=\"has-medium-font-size\"><strong><a href=\"http:\/\/fuencactiva.org\/wp-content\/uploads\/2018\/08\/estudio-sobre-el-disec3b1o-de-un-espacio-de-mayores_mymo1.pdf\" target=\"_blank\" rel=\"noreferrer noopener\" aria-label=\"Estudio sobre el dise\u00f1o de un espacio de mayores. (abre en una nueva pesta\u00f1a)\">Estudio sobre el dise\u00f1o de un espacio de mayores.<\/a><\/strong><\/p>\n\n\n\n<p><\/p>\n","protected":false},"excerpt":{"rendered":"<p>Madrid cuenta con centros de personas mayores en todos los distritos donde el objetivo, seg\u00fan el reglamento de los mismos, es\u00a0\u00abpotenciar la participaci\u00f3n del mayor en la vida social y prevenir su deterioro biopsicosocial\u00bb.\u00a0Para cumplir este objetivo, se realizan actividades de ocio, utilizaci\u00f3n del tiempo libre saludable y la promoci\u00f3n del voluntariado. Tambi\u00e9n\u00a0prestan \u00a0servicios como [&hellip;]<\/p>\n","protected":false},"author":5,"featured_media":0,"parent":51,"menu_order":5,"comment_status":"closed","ping_status":"open","template":"","meta":[],"jetpack_sharing_enabled":true,"_links":{"self":[{"href":"https:\/\/fuencactiva.org\/index.php?rest_route=\/wp\/v2\/pages\/122"}],"collection":[{"href":"https:\/\/fuencactiva.org\/index.php?rest_route=\/wp\/v2\/pages"}],"about":[{"href":"https:\/\/fuencactiva.org\/index.php?rest_route=\/wp\/v2\/types\/page"}],"author":[{"embeddable":true,"href":"https:\/\/fuencactiva.org\/index.php?rest_route=\/wp\/v2\/users\/5"}],"replies":[{"embeddable":true,"href":"https:\/\/fuencactiva.org\/index.php?rest_route=%2Fwp%2Fv2%2Fcomments&post=122"}],"version-history":[{"count":5,"href":"https:\/\/fuencactiva.org\/index.php?rest_route=\/wp\/v2\/pages\/122\/revisions"}],"predecessor-version":[{"id":2934,"href":"https:\/\/fuencactiva.org\/index.php?rest_route=\/wp\/v2\/pages\/122\/revisions\/2934"}],"up":[{"embeddable":true,"href":"https:\/\/fuencactiva.org\/index.php?rest_route=\/wp\/v2\/pages\/51"}],"wp:attachment":[{"href":"https:\/\/fuencactiva.org\/index.php?rest_route=%2Fwp%2Fv2%2Fmedia&parent=122"}],"curies":[{"name":"wp","href":"https:\/\/api.w.org\/{rel}","templated":true}]}}