{"id":16,"date":"2015-07-31T22:33:40","date_gmt":"2015-07-31T20:33:40","guid":{"rendered":"https:\/\/fuencactiva.wordpress.com\/?page_id=16"},"modified":"2019-12-22T17:02:43","modified_gmt":"2019-12-22T16:02:43","slug":"legislacion","status":"publish","type":"page","link":"https:\/\/fuencactiva.org\/?page_id=16","title":{"rendered":"Legislaci\u00f3n y Normativa"},"content":{"rendered":"\n<p class=\"has-medium-font-size\">La normativa que incluimos aqu\u00ed es la gen\u00e9rica relacionada con la estructura y funcionamiento de las instituciones municipales, y la relacionada con la participaci\u00f3n de la ciudadan\u00eda en las mismas. <\/p>\n\n\n\n<h2 class=\"wp-block-heading\">Ayuntamiento de Madrid<\/h2>\n\n\n\n<p class=\"has-medium-font-size\"><strong><a rel=\"noopener noreferrer\" href=\"http:\/\/www.madrid.es\/UnidadWeb\/UGNormativas\/NormativaNoMunicipal\/LEY_DE_CAPITALIDAD.pdf\" target=\"_blank\">Ley de capitalidad<\/a><\/strong><\/p>\n\n\n\n<p class=\"has-medium-font-size\"><strong><a rel=\"noopener noreferrer\" href=\"http:\/\/www.madrid.es\/UnidadWeb\/UGNormativas\/Normativa\/2004\/Ficheros\/ANM23202004.pdf\" target=\"_blank\">Reglamento Org\u00e1nico del Gobierno y la Administraci\u00f3n<\/a><\/strong><\/p>\n\n\n\n<p class=\"has-medium-font-size\"><strong><a rel=\"noopener noreferrer\" href=\"http:\/\/www.madrid.es\/UnidadWeb\/UGNormativas\/Normativa\/2004\/Ficheros\/ANM200435.pdf\" target=\"_blank\">Reglamento Org\u00e1nico del Pleno<\/a><\/strong><\/p>\n\n\n\n<p class=\"has-medium-font-size\"><strong><a rel=\"noopener noreferrer\" href=\"https:\/\/sede.madrid.es\/FrameWork\/generacionPDF\/ANM2005_8.pdf?idNormativa=b71d46ec02e4f010VgnVCM1000009b25680aRCRD&amp;nombreFichero=ANM2005_8&amp;cacheKey=19\" target=\"_blank\">Reglamento Org\u00e1nico de los Distritos<\/a><\/strong><\/p>\n\n\n\n<p class=\"has-medium-font-size\"><strong><a rel=\"noopener noreferrer\" href=\"http:\/\/fuencactiva.org\/wp-content\/uploads\/2019\/08\/reglamentoOrganicoParticipacionCiudadanaBOCMmayo18.pdf\" target=\"_blank\">Reglamento Org\u00e1nico de Participaci\u00f3n Ciudadana<\/a>&nbsp;<\/strong><\/p>\n\n\n\n<p class=\"has-medium-font-size\"><strong><a rel=\"noopener noreferrer\" href=\"http:\/\/www.madrid.es\/boletines-vap\/generacionPDF\/ANM2004_56.pdf?idNormativa=96947b3cb0e4f010VgnVCM1000009b25680aRCRD&amp;nombreFichero=ANM2004_56&amp;cacheKey=18\" target=\"_blank\">Reglamento Org\u00e1nico del Consejo Director de la Ciudad<\/a><\/strong><\/p>\n\n\n\n<p class=\"has-medium-font-size\"><strong><a rel=\"noopener noreferrer\" href=\"http:\/\/fuencactiva.org\/wp-content\/uploads\/2019\/07\/boamReglamentoFuncionamientoFFLLdic16.pdf\" target=\"_blank\">Reglamento Org\u00e1nico de funcionamiento de los Foros Locales<\/a><\/strong><\/p>\n\n\n\n<p class=\"has-medium-font-size\"><strong><a rel=\"noopener noreferrer\" href=\"http:\/\/fuencactiva.org\/wp-content\/uploads\/2019\/08\/Ordenanza-Cooperacion-Publico-Social.pdf\" target=\"_blank\">Ordenanza de Cooperaci\u00f3n P\u00fablico Social<\/a><\/strong><\/p>\n\n\n\n<h2 class=\"wp-block-heading\">\u00c1mbito Estatal<\/h2>\n\n\n\n<p class=\"has-medium-font-size\"><strong><a rel=\"noopener noreferrer\" href=\"http:\/\/www.boe.es\/buscar\/pdf\/1985\/BOE-A-1985-5392-consolidado.pdf\" target=\"_blank\">Ley 7\/1985, de 2 de abril, Reguladora de las Bases del R\u00e9gimen Local. Texto consolidado<\/a><\/strong><\/p>\n\n\n\n<p class=\"has-medium-font-size\"><strong><a rel=\"noopener noreferrer\" href=\"http:\/\/www.boe.es\/buscar\/pdf\/2003\/BOE-A-2003-23103-consolidado.pdf\" target=\"_blank\">Ley 57\/2003, de 16 de diciembre, de medidas para la modernizaci\u00f3n&nbsp;del gobierno local. Texto consolidado<\/a><\/strong><\/p>\n\n\n\n<p class=\"has-medium-font-size\"><strong><a rel=\"noopener noreferrer\" href=\"http:\/\/www.boe.es\/buscar\/pdf\/1985\/BOE-A-1985-11672-consolidado.pdf\" target=\"_blank\">Ley Org\u00e1nica 5\/1985, de 19 de junio, del R\u00e9gimen Electoral General. Texto consolidado<\/a><\/strong><\/p>\n\n\n\n<p class=\"has-medium-font-size\"><strong><a rel=\"noopener noreferrer\" href=\"https:\/\/www.boe.es\/boe\/dias\/2013\/12\/30\/pdfs\/BOE-A-2013-13756.pdf\" target=\"_blank\">Ley 27\/2013, de 27 de diciembre, de racionalizaci\u00f3n y sostenibilidad de la Administraci\u00f3n Local<\/a><\/strong><\/p>\n\n\n\n<p><\/p>\n","protected":false},"excerpt":{"rendered":"<p>La normativa que incluimos aqu\u00ed es la gen\u00e9rica relacionada con la estructura y funcionamiento de las instituciones municipales, y la relacionada con la participaci\u00f3n de la ciudadan\u00eda en las mismas. Ayuntamiento de Madrid Ley de capitalidad Reglamento Org\u00e1nico del Gobierno y la Administraci\u00f3n Reglamento Org\u00e1nico del Pleno Reglamento Org\u00e1nico de los Distritos Reglamento Org\u00e1nico de [&hellip;]<\/p>\n","protected":false},"author":5,"featured_media":0,"parent":0,"menu_order":2,"comment_status":"closed","ping_status":"closed","template":"","meta":[],"jetpack_sharing_enabled":true,"_links":{"self":[{"href":"https:\/\/fuencactiva.org\/index.php?rest_route=\/wp\/v2\/pages\/16"}],"collection":[{"href":"https:\/\/fuencactiva.org\/index.php?rest_route=\/wp\/v2\/pages"}],"about":[{"href":"https:\/\/fuencactiva.org\/index.php?rest_route=\/wp\/v2\/types\/page"}],"author":[{"embeddable":true,"href":"https:\/\/fuencactiva.org\/index.php?rest_route=\/wp\/v2\/users\/5"}],"replies":[{"embeddable":true,"href":"https:\/\/fuencactiva.org\/index.php?rest_route=%2Fwp%2Fv2%2Fcomments&post=16"}],"version-history":[{"count":18,"href":"https:\/\/fuencactiva.org\/index.php?rest_route=\/wp\/v2\/pages\/16\/revisions"}],"predecessor-version":[{"id":3240,"href":"https:\/\/fuencactiva.org\/index.php?rest_route=\/wp\/v2\/pages\/16\/revisions\/3240"}],"wp:attachment":[{"href":"https:\/\/fuencactiva.org\/index.php?rest_route=%2Fwp%2Fv2%2Fmedia&parent=16"}],"curies":[{"name":"wp","href":"https:\/\/api.w.org\/{rel}","templated":true}]}}