{"id":18,"date":"2015-07-31T22:34:00","date_gmt":"2015-07-31T20:34:00","guid":{"rendered":"https:\/\/fuencactiva.wordpress.com\/?page_id=18"},"modified":"2020-12-29T12:28:18","modified_gmt":"2020-12-29T11:28:18","slug":"mapas","status":"publish","type":"page","link":"https:\/\/fuencactiva.org\/?page_id=18","title":{"rendered":"Mapas"},"content":{"rendered":"\n<p class=\"has-medium-font-size\">Los mapas  nos ayudan a situarnos en un territorio o en una tem\u00e1tica, a conocer las relaciones entre las distintas redes, a reflexionar sobre lo que conocemos y lo que no conocemos. <\/p>\n\n\n\n<p class=\"has-medium-font-size\">Son herramientas indispensables para movernos en nuestro quehacer diario y, por tanto, de inter\u00e9s para cualquier actividad ciudadana que realicemos. Es importante se\u00f1alar, adem\u00e1s, que cuando hablamos de mapas no nos referimos solo una representaci\u00f3n geogr\u00e1fica, sino que hablamos tambi\u00e9n de estructuras, organigramas,\u00a0 gr\u00e1ficos de relaciones sociales, de ideas, posicionamientos, de elementos que influyen de forma positiva o negativa en nuestra vida cotidiana, en nuestras relaciones&#8230;  <\/p>\n\n\n\n<p class=\"has-medium-font-size\"><strong><a href=\"http:\/\/fuencactiva.org\/?page_id=12\" target=\"_blank\" rel=\"noreferrer noopener\">INICIATIVA CIUDADANA<\/a><\/strong><\/p>\n\n\n\n<p class=\"has-medium-font-size\">Desde la iniciativa ciudadana, en estos \u00faltimos a\u00f1os se ha ido elaborando una serie de mapeos&nbsp; bajo el nombre de <strong><a href=\"https:\/\/losmadriles.org\/\" target=\"_blank\" rel=\"noreferrer noopener\">LOS MADRILES<\/a>,&nbsp;<\/strong> una plataforma que muestra la existencia de muchos madriles invisibilizados, y pone en valor la potencia de una ciudadan\u00eda cr\u00edtica y activa que hace ciudad desde la autogesti\u00f3n y la participaci\u00f3n.<\/p>\n\n\n\n<p class=\"has-medium-font-size\">Para que puedas hacer tus propios mapas de las iniciativas ciudadanas existentes en nuestro distrito, tienes algunas p\u00e1ginas donde rese\u00f1amos las <a href=\"http:\/\/fuencactiva.org\/?page_id=106\" target=\"_blank\" rel=\"noreferrer noopener\"><strong>asociaciones<\/strong><\/a>, <strong><a href=\"http:\/\/fuencactiva.org\/?page_id=1043\" target=\"_blank\" rel=\"noreferrer noopener\">espacios<\/a><\/strong> y <strong><a href=\"http:\/\/fuencactiva.org\/?page_id=1045\" target=\"_blank\" rel=\"noreferrer noopener\">redes<\/a><\/strong> que existen en los distintos barrios.<\/p>\n\n\n\n<p class=\"has-medium-font-size\"><strong>INICIATIVA INSTITUCIONAL<\/strong><\/p>\n\n\n\n<p class=\"has-medium-font-size\"> En esta p\u00e1gina ver\u00e1s, tambi\u00e9n, los <a rel=\"noreferrer noopener\" href=\"http:\/\/fuencactiva.org\/?page_id=20\" target=\"_blank\"><strong>organigramas<\/strong><\/a> del ayuntamiento de Madrid y del distrito de Fuencarral El Pardo, los <strong><a href=\"https:\/\/transparencia.madrid.es\/portales\/transparencia\/es\/Organizacion\/El-Pleno\/Grupos-politicos\/?vgnextfmt=default&amp;vgnextchannel=0d12ad8d53a28510VgnVCM2000001f4a900aRCRD\" target=\"_blank\" rel=\"noreferrer noopener\">grupos pol\u00edticos<\/a><\/strong> existentes en el \u00e1mbito municipal, y los <a rel=\"noreferrer noopener\" href=\"https:\/\/fuencactiva.org\/wp-admin\/post.php?post=2149&amp;action=edit\" target=\"_blank\"><strong>barrios<\/strong><\/a> en los que se divide actualmente la ciudad, con informaci\u00f3n destacada de los que componen a d\u00eda de hoy los barrios del distrito, incluyendo los mapas f\u00edsicos. <\/p>\n","protected":false},"excerpt":{"rendered":"<p>Los mapas nos ayudan a situarnos en un territorio o en una tem\u00e1tica, a conocer las relaciones entre las distintas redes, a reflexionar sobre lo que conocemos y lo que no conocemos. Son herramientas indispensables para movernos en nuestro quehacer diario y, por tanto, de inter\u00e9s para cualquier actividad ciudadana que realicemos. Es importante se\u00f1alar, [&hellip;]<\/p>\n","protected":false},"author":5,"featured_media":551,"parent":0,"menu_order":1,"comment_status":"closed","ping_status":"closed","template":"","meta":[],"jetpack_sharing_enabled":true,"_links":{"self":[{"href":"https:\/\/fuencactiva.org\/index.php?rest_route=\/wp\/v2\/pages\/18"}],"collection":[{"href":"https:\/\/fuencactiva.org\/index.php?rest_route=\/wp\/v2\/pages"}],"about":[{"href":"https:\/\/fuencactiva.org\/index.php?rest_route=\/wp\/v2\/types\/page"}],"author":[{"embeddable":true,"href":"https:\/\/fuencactiva.org\/index.php?rest_route=\/wp\/v2\/users\/5"}],"replies":[{"embeddable":true,"href":"https:\/\/fuencactiva.org\/index.php?rest_route=%2Fwp%2Fv2%2Fcomments&post=18"}],"version-history":[{"count":13,"href":"https:\/\/fuencactiva.org\/index.php?rest_route=\/wp\/v2\/pages\/18\/revisions"}],"predecessor-version":[{"id":3617,"href":"https:\/\/fuencactiva.org\/index.php?rest_route=\/wp\/v2\/pages\/18\/revisions\/3617"}],"wp:featuredmedia":[{"embeddable":true,"href":"https:\/\/fuencactiva.org\/index.php?rest_route=\/wp\/v2\/media\/551"}],"wp:attachment":[{"href":"https:\/\/fuencactiva.org\/index.php?rest_route=%2Fwp%2Fv2%2Fmedia&parent=18"}],"curies":[{"name":"wp","href":"https:\/\/api.w.org\/{rel}","templated":true}]}}