{"id":190,"date":"2015-08-07T18:49:38","date_gmt":"2015-08-07T18:49:38","guid":{"rendered":"http:\/\/fuencactiva.org\/?page_id=190"},"modified":"2019-08-24T12:42:06","modified_gmt":"2019-08-24T10:42:06","slug":"coordinadora-x-lo-publico","status":"publish","type":"page","link":"https:\/\/fuencactiva.org\/?page_id=190","title":{"rendered":"Coordinadora X lo P\u00fablico"},"content":{"rendered":"\n<p class=\"has-medium-font-size\">La Coordinadora X lo P\u00fablico nace en al a\u00f1o 2012, tras la constataci\u00f3n de que los recortes que est\u00e1n realizando las distintas administraciones p\u00fablicas, est\u00e1n provocando una progresiva disminuci\u00f3n de servicios p\u00fablicos y un empeoramiento de la calidad de los mismos.<\/p>\n\n\n\n<p class=\"has-medium-font-size\">Consigue unir en su seno a entidades sociales y pol\u00edticas que durante un tiempo trabajan en com\u00fan, promoviendo movilizaciones en torno a la sanidad y a la educaci\u00f3n p\u00fablicas, principalmente, tanto en el \u00e1mbito del distrito como en la ciudad, lig\u00e1ndose a las mareas blanca y verde, respectivamente.<\/p>\n\n\n\n<p class=\"has-medium-font-size\">Actualmente, la CxP funciona centrada en el <span style=\"color: #800000;\"><strong>Grupo de Educaci\u00f3n<\/strong><\/span>, cuya actividad en los dos \u00faltimos a\u00f1os ha hecho que sea un elemento dinamizador de toda la actividad educativa del distrito, tanto en el \u00e1mbito de la reivindicaci\u00f3n, como en el \u00e1mbito de la elaboraci\u00f3n y la proposici\u00f3n.<\/p>\n\n\n\n<p class=\"has-medium-font-size\"><strong>Para contactar con el grupo de educaci\u00f3n: <span style=\"color: #800000;\">educacioncxp@gmail.com<\/span><\/strong><\/p>\n\n\n\n<p class=\"has-medium-font-size\"><strong><a href=\"https:\/\/coordinadoraxlopublico.wordpress.com\/\" target=\"_blank\" rel=\"noopener noreferrer\">Coordinadora X Lo P\u00fablico<\/a><\/strong><\/p>\n","protected":false},"excerpt":{"rendered":"<p>La Coordinadora X lo P\u00fablico nace en al a\u00f1o 2012, tras la constataci\u00f3n de que los recortes que est\u00e1n realizando las distintas administraciones p\u00fablicas, est\u00e1n provocando una progresiva disminuci\u00f3n de servicios p\u00fablicos y un empeoramiento de la calidad de los mismos. Consigue unir en su seno a entidades sociales y pol\u00edticas que durante un tiempo [&hellip;]<\/p>\n","protected":false},"author":5,"featured_media":0,"parent":1045,"menu_order":4,"comment_status":"closed","ping_status":"closed","template":"","meta":[],"jetpack_sharing_enabled":true,"_links":{"self":[{"href":"https:\/\/fuencactiva.org\/index.php?rest_route=\/wp\/v2\/pages\/190"}],"collection":[{"href":"https:\/\/fuencactiva.org\/index.php?rest_route=\/wp\/v2\/pages"}],"about":[{"href":"https:\/\/fuencactiva.org\/index.php?rest_route=\/wp\/v2\/types\/page"}],"author":[{"embeddable":true,"href":"https:\/\/fuencactiva.org\/index.php?rest_route=\/wp\/v2\/users\/5"}],"replies":[{"embeddable":true,"href":"https:\/\/fuencactiva.org\/index.php?rest_route=%2Fwp%2Fv2%2Fcomments&post=190"}],"version-history":[{"count":1,"href":"https:\/\/fuencactiva.org\/index.php?rest_route=\/wp\/v2\/pages\/190\/revisions"}],"predecessor-version":[{"id":2788,"href":"https:\/\/fuencactiva.org\/index.php?rest_route=\/wp\/v2\/pages\/190\/revisions\/2788"}],"up":[{"embeddable":true,"href":"https:\/\/fuencactiva.org\/index.php?rest_route=\/wp\/v2\/pages\/1045"}],"wp:attachment":[{"href":"https:\/\/fuencactiva.org\/index.php?rest_route=%2Fwp%2Fv2%2Fmedia&parent=190"}],"curies":[{"name":"wp","href":"https:\/\/api.w.org\/{rel}","templated":true}]}}