{"id":20,"date":"2015-07-31T22:34:19","date_gmt":"2015-07-31T20:34:19","guid":{"rendered":"https:\/\/fuencactiva.wordpress.com\/?page_id=20"},"modified":"2019-12-22T10:30:45","modified_gmt":"2019-12-22T09:30:45","slug":"organigrama","status":"publish","type":"page","link":"https:\/\/fuencactiva.org\/?page_id=20","title":{"rendered":"Ayuntamiento"},"content":{"rendered":"\n<p class=\"has-medium-font-size\">En estos enlaces podr\u00e1s acceder directamente a los organigramas, pero tambi\u00e9n a la pg que informa de cada una de estas estructuras, d\u00f3nde se localiza, qui\u00e9nes son sus responsables y las competencias que tienen. Los organismos aut\u00f3nomos los hemos colocado en el bloque de aquellas estructuras de las que dependen.<\/p>\n\n\n\n<h3 class=\"wp-block-heading\"><a rel=\"noreferrer noopener\" href=\"http:\/\/fuencactiva.org\/wp-content\/uploads\/2019\/08\/OrganigramaAytoMadrid.pdf\" target=\"_blank\"><strong>ORGANIGRAMA DEL AYUNTAMIENTO<\/strong><\/a><\/h3>\n\n\n\n<div class=\"wp-block-group\"><div class=\"wp-block-group__inner-container is-layout-flow\">\n<div class=\"wp-block-group has-very-light-gray-background-color has-background\"><div class=\"wp-block-group__inner-container is-layout-flow\">\n<p class=\"has-medium-font-size\"><a rel=\"noreferrer noopener\" href=\"https:\/\/transparencia.madrid.es\/portales\/transparencia\/es\/Organizacion\/Organigramas-y-competencias\/Alcaldia\/?vgnextfmt=default&amp;vgnextoid=e660a72bfce73510VgnVCM2000001f4a900aRCRD&amp;vgnextchannel=6039508929a56510VgnVCM1000008a4a900aRCRD\" target=\"_blank\"><strong>ALCALD\u00cdA<\/strong><\/a><\/p>\n\n\n\n<p class=\"has-medium-font-size\">*<strong>Coordinaci\u00f3n General de la Alcald\u00eda<\/strong> <\/p>\n\n\n\n<p class=\"has-medium-font-size\">* <strong><a href=\"https:\/\/transparencia.madrid.es\/portales\/transparencia\/es\/Organizacion\/Organigramas-y-competencias\/Organismo-Autonomo-Informatica-del-Ayuntamiento-de-Madrid\/?vgnextfmt=default&amp;vgnextoid=6c432d5f0d083510VgnVCM2000001f4a900aRCRD&amp;vgnextchannel=6039508929a56510VgnVCM1000008a4a900aRCRD\" target=\"_blank\" rel=\"noreferrer noopener\" aria-label=\"Organismo Aut\u00f3nomo Inform\u00e1tica del Ayuntamiento de Madrid (se abre en una nueva pesta\u00f1a)\">Organismo Aut\u00f3nomo Inform\u00e1tica del Ayuntamiento de Madrid<\/a><\/strong><\/p>\n<\/div><\/div>\n<\/div><\/div>\n\n\n\n<div class=\"wp-block-group\"><div class=\"wp-block-group__inner-container is-layout-flow\">\n<div class=\"wp-block-group has-very-light-gray-background-color has-background\"><div class=\"wp-block-group__inner-container is-layout-flow\">\n<p class=\"has-medium-font-size\"><strong><a class=\"ayunAreasGobiernoItem\" title=\"Vicealcald\u00eda\" rel=\"noopener noreferrer\" href=\"https:\/\/www.madrid.es\/ContentPublisher\/new\/redirect.jsp?vgnextoid=0e0cbaa332a1c510VgnVCM2000001f4a900aRCRD&amp;vgnextchannel=ce069e242ab26010VgnVCM100000dc0ca8c0RCRD&amp;vgnextfmt=default\" target=\"_blank\">\u00c1REA DE GOBIERNO VICEALCALD\u00cdA<\/a><\/strong><\/p>\n\n\n\n<p class=\"has-medium-font-size\">*<a rel=\"noopener noreferrer\" href=\"http:\/\/fuencactiva.org\/wp-content\/uploads\/2019\/07\/OrganigramaVicealcaldia19.pdf\" target=\"_blank\">Organigrama<\/a><\/p>\n\n\n\n<p class=\"has-medium-font-size\">*<strong><a rel=\"noreferrer noopener\" aria-label=\"AD Coordinaci\u00f3n Territorial, Transparencia y Participaci\u00f3n Ciudadana (abre en una nueva pesta\u00f1a)\" href=\"https:\/\/www.madrid.es\/portales\/munimadrid\/es\/Inicio\/El-Ayuntamiento\/Area-Delegada-de-Coordinacion-Transparencia-y-Participacion-Ciudadana\/?vgnextfmt=default&amp;vgnextoid=cfd37421b274c610VgnVCM2000001f4a900aRCRD&amp;vgnextchannel=ce069e242ab26010VgnVCM100000dc0ca8c0RCRD\" target=\"_blank\">Area Delegada de Coordinaci\u00f3n Territorial, Transparencia y Participaci\u00f3n Ciudadana<\/a><\/strong><\/p>\n\n\n\n<p class=\"has-medium-font-size\">*<strong><a rel=\"noreferrer noopener\" aria-label=\"AD Internacionalizaci\u00f3n y Cooperaci\u00f3n (abre en una nueva pesta\u00f1a)\" href=\"https:\/\/www.madrid.es\/portales\/munimadrid\/es\/Inicio\/El-Ayuntamiento\/Area-Delegada-de-Internacionalizacion-y-Cooperacion\/?vgnextfmt=default&amp;vgnextoid=02667421b274c610VgnVCM2000001f4a900aRCRD&amp;vgnextchannel=ce069e242ab26010VgnVCM100000dc0ca8c0RCRD\" target=\"_blank\">Area Delegada de Internacionalizaci\u00f3n y Cooperaci\u00f3n<\/a><\/strong><\/p>\n<\/div><\/div>\n<\/div><\/div>\n\n\n\n<div class=\"wp-block-group\"><div class=\"wp-block-group__inner-container is-layout-flow\">\n<div class=\"wp-block-group has-very-light-gray-background-color has-background\"><div class=\"wp-block-group__inner-container is-layout-flow\">\n<p class=\"has-medium-font-size\"><strong><a class=\"ayunAreasGobiernoItem\" title=\"Portavoz, Seguridad y Emergencias\" rel=\"noopener noreferrer\" href=\"https:\/\/www.madrid.es\/ContentPublisher\/new\/redirect.jsp?vgnextoid=251c26790493c310VgnVCM2000000c205a0aRCRD&amp;vgnextchannel=ce069e242ab26010VgnVCM100000dc0ca8c0RCRD&amp;vgnextfmt=default\" target=\"_blank\">\u00c1REA DE GOBIERNO PORTAVOZ, SEGURIDAD Y EMERGENCIAS<\/a><\/strong><\/p>\n\n\n\n<p class=\"has-medium-font-size\">*<a rel=\"noopener noreferrer\" href=\"http:\/\/fuencactiva.org\/wp-content\/uploads\/2019\/07\/OrganigramaPortavozSeguridadEmergencias19.pdf\" target=\"_blank\">Organigrama<\/a><\/p>\n\n\n\n<p class=\"has-medium-font-size\">*<strong><a rel=\"noopener noreferrer\" href=\"https:\/\/transparencia.madrid.es\/portales\/transparencia\/es\/Organizacion\/Organigramas-y-competencias\/Organismo-Autonomo-Madrid-Salud\/?vgnextfmt=default&amp;vgnextoid=8e752d5f0d083510VgnVCM2000001f4a900aRCRD&amp;vgnextchannel=6039508929a56510VgnVCM1000008a4a900aRCRD\" target=\"_blank\">Organismo Aut\u00f3nomo Madrid Salud<\/a><\/strong><\/p>\n<\/div><\/div>\n<\/div><\/div>\n\n\n\n<div class=\"wp-block-group has-very-light-gray-background-color has-background\"><div class=\"wp-block-group__inner-container is-layout-flow\">\n<div class=\"wp-block-group\"><div class=\"wp-block-group__inner-container is-layout-flow\">\n<p class=\"has-medium-font-size\"><strong><a class=\"ayunAreasGobiernoItem\" title=\"Cultura, Turismo  y Deportes\" rel=\"noopener noreferrer\" href=\"https:\/\/www.madrid.es\/ContentPublisher\/new\/redirect.jsp?vgnextoid=c124821c3771c010VgnVCM1000000b205a0aRCRD&amp;vgnextchannel=ce069e242ab26010VgnVCM100000dc0ca8c0RCRD&amp;vgnextfmt=default\" target=\"_blank\">\u00c1REA DE GOBIERNO CULTURA, TURISMO Y DEPORTE<\/a><\/strong><\/p>\n<\/div><\/div>\n\n\n\n<p class=\"has-medium-font-size\">*<a rel=\"noopener noreferrer\" href=\"http:\/\/fuencactiva.org\/wp-content\/uploads\/2019\/07\/OrganigramaCulturaTurismoDeporte19.pdf\" target=\"_blank\">Organigrama<\/a><\/p>\n\n\n\n<p class=\"has-medium-font-size\">*<strong><a rel=\"noreferrer noopener\" aria-label=\"AD Turismo (abre en una nueva pesta\u00f1a)\" href=\"https:\/\/www.madrid.es\/portales\/munimadrid\/es\/Inicio\/El-Ayuntamiento\/Area-Delegada-de-Turismo\/?vgnextfmt=default&amp;vgnextoid=bc907421b274c610VgnVCM2000001f4a900aRCRD&amp;vgnextchannel=ce069e242ab26010VgnVCM100000dc0ca8c0RCRD\" target=\"_blank\">Area Delegada de Turismo<\/a><\/strong><\/p>\n\n\n\n<p class=\"has-medium-font-size\">*<strong><a rel=\"noreferrer noopener\" aria-label=\"AD Deporte (abre en una nueva pesta\u00f1a)\" href=\"https:\/\/www.madrid.es\/portales\/munimadrid\/es\/Inicio\/El-Ayuntamiento\/Area-Delegada-de-Deportes\/?vgnextfmt=default&amp;vgnextoid=1259b78ca7d3c610VgnVCM2000001f4a900aRCRD&amp;vgnextchannel=ce069e242ab26010VgnVCM100000dc0ca8c0RCRD\" target=\"_blank\">Area Delegada de Deporte<\/a><\/strong><\/p>\n<\/div><\/div>\n\n\n\n<div class=\"wp-block-group has-very-light-gray-background-color has-background\"><div class=\"wp-block-group__inner-container is-layout-flow\">\n<p class=\"has-medium-font-size\"><strong><a class=\"ayunAreasGobiernoItem\" title=\"Econom\u00eda, Innovaci\u00f3n y Empleo\" rel=\"noopener noreferrer\" href=\"https:\/\/www.madrid.es\/ContentPublisher\/new\/redirect.jsp?vgnextoid=2cb8784e0cc4f010VgnVCM2000000c205a0aRCRD&amp;vgnextchannel=ce069e242ab26010VgnVCM100000dc0ca8c0RCRD&amp;vgnextfmt=default\" target=\"_blank\">\u00c1REA DE GOBIERNO ECONOM\u00cdA, INNOVACI\u00d3N Y EMPLEO<\/a><\/strong><\/p>\n\n\n\n<p class=\"has-medium-font-size\">*<a rel=\"noopener noreferrer\" href=\"http:\/\/fuencactiva.org\/wp-content\/uploads\/2019\/07\/OrganigramaEconom\u00edaInnovaci\u00f3nEmpleo19.pdf\" target=\"_blank\">Organigrama<\/a><\/p>\n\n\n\n<p class=\"has-medium-font-size\">*<strong><a rel=\"noopener noreferrer\" href=\"https:\/\/transparencia.madrid.es\/portales\/transparencia\/es\/Organizacion\/Organigramas-y-competencias\/Organismo-Autonomo-Agencia-Tributaria-Madrid\/?vgnextfmt=default&amp;vgnextoid=b71bca9f0d083510VgnVCM1000001d4a900aRCRD&amp;vgnextchannel=6039508929a56510VgnVCM1000008a4a900aRCRD\" target=\"_blank\">Organismo Aut\u00f3nomo Agencia para el Empleo de Madrid<\/a><\/strong><\/p>\n\n\n\n<p class=\"has-medium-font-size\">*<strong><a rel=\"noreferrer noopener\" aria-label=\"AD Emprendimiento, Empleo e Innovaci\u00f3n (abre en una nueva pesta\u00f1a)\" href=\"https:\/\/www.madrid.es\/portales\/munimadrid\/es\/Inicio\/El-Ayuntamiento\/Area-Delegada-de-Emprendimiento-Empleo-e-Innovacion\/?vgnextfmt=default&amp;vgnextoid=32a17421b274c610VgnVCM2000001f4a900aRCRD&amp;vgnextchannel=ce069e242ab26010VgnVCM100000dc0ca8c0RCRD\" target=\"_blank\">Area Delegada de Emprendimiento, Empleo e Innovaci\u00f3n<\/a><\/strong><\/p>\n<\/div><\/div>\n\n\n\n<div class=\"wp-block-group has-very-light-gray-background-color has-background\"><div class=\"wp-block-group__inner-container is-layout-flow\">\n<div class=\"wp-block-group\"><div class=\"wp-block-group__inner-container is-layout-flow\">\n<div class=\"wp-block-group\"><div class=\"wp-block-group__inner-container is-layout-flow\">\n<p class=\"has-medium-font-size\"><strong><a class=\"ayunAreasGobiernoItem\" title=\"Medio Ambiente y Movilidad\" rel=\"noopener noreferrer\" href=\"https:\/\/www.madrid.es\/ContentPublisher\/new\/redirect.jsp?vgnextoid=89dfcbf06c81c010VgnVCM1000000b205a0aRCRD&amp;vgnextchannel=ce069e242ab26010VgnVCM100000dc0ca8c0RCRD&amp;vgnextfmt=default\" target=\"_blank\">\u00c1REA DE GOBIERNO MEDIO AMBIENTE Y MOVILIDAD<\/a><\/strong><\/p>\n<\/div><\/div>\n<\/div><\/div>\n\n\n\n<p class=\"has-medium-font-size\">*<a rel=\"noreferrer noopener\" aria-label=\"Organigrama (abre en una nueva pesta\u00f1a)\" href=\"http:\/\/fuencactiva.org\/wp-content\/uploads\/2019\/09\/09MedioAmbienteMovilidad.pdf\" target=\"_blank\">Organigrama<\/a><\/p>\n<\/div><\/div>\n\n\n\n<div class=\"wp-block-group has-very-light-gray-background-color has-background\"><div class=\"wp-block-group__inner-container is-layout-flow\">\n<p class=\"has-medium-font-size\"><strong><a class=\"ayunAreasGobiernoItem\" title=\"Desarrollo Urbano\" rel=\"noopener noreferrer\" href=\"https:\/\/www.madrid.es\/ContentPublisher\/new\/redirect.jsp?vgnextoid=66e8784e0cc4f010VgnVCM2000000c205a0aRCRD&amp;vgnextchannel=ce069e242ab26010VgnVCM100000dc0ca8c0RCRD&amp;vgnextfmt=default\" target=\"_blank\">\u00c1REA DE GOBIERNO DESARROLLO URBANO<\/a><\/strong><\/p>\n\n\n\n<p class=\"has-medium-font-size\">*<a rel=\"noopener noreferrer\" href=\"http:\/\/fuencactiva.org\/wp-content\/uploads\/2019\/08\/10DesarrolloUrbano.pdf\" target=\"_blank\">Organigrama<\/a><\/p>\n\n\n\n<p class=\"has-medium-font-size\">*<strong><a rel=\"noreferrer noopener\" aria-label=\"AD Vivienda (abre en una nueva pesta\u00f1a)\" href=\"https:\/\/www.madrid.es\/portales\/munimadrid\/es\/Inicio\/El-Ayuntamiento\/Area-Delegada-de-Vivienda\/?vgnextfmt=default&amp;vgnextoid=92627421b274c610VgnVCM2000001f4a900aRCRD&amp;vgnextchannel=ce069e242ab26010VgnVCM100000dc0ca8c0RCRD\" target=\"_blank\">Area Delegada de Vivienda<\/a><\/strong><\/p>\n\n\n\n<p class=\"has-medium-font-size\">*<strong><a rel=\"noopener noreferrer\" href=\"https:\/\/transparencia.madrid.es\/portales\/transparencia\/es\/Organizacion\/Organigramas-y-competencias\/Empresa-Municipal-de-la-Vivienda-y-Suelo-de-Madrid-S-A-EMVS-\/?vgnextfmt=default&amp;vgnextoid=1a99bdac5aad9510VgnVCM2000001f4a900aRCRD&amp;vgnextchannel=6039508929a56510VgnVCM1000008a4a900aRCRD\" target=\"_blank\">Empresa Municipal de la Vivienda y Suelo de Madrid SA (EMVS)<\/a><\/strong><\/p>\n\n\n\n<p class=\"has-medium-font-size\">*<strong><a rel=\"noopener noreferrer\" href=\"https:\/\/transparencia.madrid.es\/portales\/transparencia\/es\/Organizacion\/Organigramas-y-competencias\/Organismo-Autonomo-Agencia-de-Actividades\/?vgnextfmt=default&amp;vgnextoid=afb09b4b46f73510VgnVCM1000001d4a900aRCRD&amp;vgnextchannel=6039508929a56510VgnVCM1000008a4a900aRCRD\" target=\"_blank\">Organismo Aut\u00f3nomo Agencia de Actividades<\/a><\/strong><\/p>\n<\/div><\/div>\n\n\n\n<div class=\"wp-block-group has-very-light-gray-background-color has-background\"><div class=\"wp-block-group__inner-container is-layout-flow\">\n<p class=\"has-medium-font-size\"><strong><a class=\"ayunAreasGobiernoItem\" title=\"Hacienda y Personal\" rel=\"noopener noreferrer\" href=\"https:\/\/www.madrid.es\/ContentPublisher\/new\/redirect.jsp?vgnextoid=2805ff632081c010VgnVCM1000000b205a0aRCRD&amp;vgnextchannel=ce069e242ab26010VgnVCM100000dc0ca8c0RCRD&amp;vgnextfmt=default\" target=\"_blank\">\u00c1REA DE GOBIERNO HACIENDA Y PERSONAL<\/a><\/strong><\/p>\n\n\n\n<p class=\"has-medium-font-size\">*<a rel=\"noopener noreferrer\" href=\"http:\/\/fuencactiva.org\/wp-content\/uploads\/2019\/07\/OrganigramaHaciendaPersonal19.pdf\" target=\"_blank\">Organigrama<\/a><\/p>\n\n\n\n<p class=\"has-medium-font-size\">*<strong><a rel=\"noopener noreferrer\" href=\"https:\/\/transparencia.madrid.es\/portales\/transparencia\/es\/Organizacion\/Organigramas-y-competencias\/Organismo-Autonomo-Agencia-Tributaria-Madrid\/?vgnextfmt=default&amp;vgnextoid=b71bca9f0d083510VgnVCM1000001d4a900aRCRD&amp;vgnextchannel=6039508929a56510VgnVCM1000008a4a900aRCRD\" target=\"_blank\">Organismo Aut\u00f3nomo Agencia Tributaria Madrid<\/a><\/strong><\/p>\n<\/div><\/div>\n\n\n\n<div class=\"wp-block-group has-very-light-gray-background-color has-background\"><div class=\"wp-block-group__inner-container is-layout-flow\">\n<p class=\"has-medium-font-size\"><strong><a class=\"ayunAreasGobiernoItem\" title=\"Familias, Igualdad y Bienestar Social\" rel=\"noopener noreferrer\" href=\"https:\/\/www.madrid.es\/ContentPublisher\/new\/redirect.jsp?vgnextoid=97a411135f5fd410VgnVCM2000000c205a0aRCRD&amp;vgnextchannel=ce069e242ab26010VgnVCM100000dc0ca8c0RCRD&amp;vgnextfmt=default\" target=\"_blank\">\u00c1REA DE GOBIERNO FAMILIAS, IGUALDAD Y BIENESTAR SOCIAL<\/a><\/strong><\/p>\n\n\n\n<p class=\"has-medium-font-size\">*<a rel=\"noopener noreferrer\" href=\"http:\/\/fuencactiva.org\/wp-content\/uploads\/2019\/08\/08FamiliasIgualBienSocial.pdf\" target=\"_blank\">Organigrama<\/a><\/p>\n<\/div><\/div>\n\n\n\n<div class=\"wp-block-group has-very-light-gray-background-color has-background\"><div class=\"wp-block-group__inner-container is-layout-flow\">\n<p class=\"has-medium-font-size\"><strong><a class=\"ayunAreasGobiernoItem\" title=\"Obras y Equipamientos\" rel=\"noopener noreferrer\" href=\"https:\/\/www.madrid.es\/ContentPublisher\/new\/redirect.jsp?vgnextoid=50c011135f5fd410VgnVCM2000000c205a0aRCRD&amp;vgnextchannel=ce069e242ab26010VgnVCM100000dc0ca8c0RCRD&amp;vgnextfmt=default\" target=\"_blank\">\u00c1REA DE GOBIERNO OBRAS Y EQUIPAMIENTOS<\/a><\/strong><\/p>\n\n\n\n<p class=\"has-medium-font-size\">*<strong><a rel=\"noopener noreferrer\" href=\"http:\/\/fuencactiva.org\/wp-content\/uploads\/2019\/07\/OrganigramaObrasEquipamientos19.pdf\" target=\"_blank\">Organigrama<\/a><\/strong><\/p>\n<\/div><\/div>\n\n\n\n<p class=\"has-medium-font-size\"><a rel=\"noopener noreferrer\" href=\"https:\/\/transparencia.madrid.es\/portales\/transparencia\/es\/Organizacion\/Organigramas-y-competencias\/Pleno\/?vgnextfmt=default&amp;vgnextoid=fa058c44954b2610VgnVCM1000001d4a900aRCRD&amp;vgnextchannel=6039508929a56510VgnVCM1000008a4a900aRCRD\" target=\"_blank\"><strong>PLENO<\/strong><\/a><\/p>\n\n\n\n<p class=\"has-medium-font-size\"><a rel=\"noopener noreferrer\" href=\"https:\/\/transparencia.madrid.es\/portales\/transparencia\/es\/Organizacion\/Organigramas-y-competencias\/Tribunal-Economico-Administrativo-Municipal\/?vgnextfmt=default&amp;vgnextoid=14cd9b4b46f73510VgnVCM1000001d4a900aRCRD&amp;vgnextchannel=6039508929a56510VgnVCM1000008a4a900aRCRD\" target=\"_blank\"><strong>Tribunal Econ\u00f3mico-Administrativo Municipal<\/strong><\/a><\/p>\n\n\n\n<p class=\"has-medium-font-size\"><strong><a href=\"https:\/\/transparencia.madrid.es\/portales\/transparencia\/es\/Organizacion\/Organigramas-y-competencias\/Grupos-Politicos-Municipales-personal-eventual-\/?vgnextfmt=default&amp;vgnextoid=893a53ce0e768510VgnVCM2000001f4a900aRCRD&amp;vgnextchannel=6039508929a56510VgnVCM1000008a4a900aRCRD\" target=\"_blank\" rel=\"noreferrer noopener\" aria-label=\"Grupos Pol\u00edticos Municipales (personal eventual) (se abre en una nueva pesta\u00f1a)\">Grupos Pol\u00edticos Municipales (personal eventual)<\/a><\/strong><\/p>\n\n\n\n<p class=\"has-medium-font-size\"><strong><a href=\"https:\/\/transparencia.madrid.es\/portales\/transparencia\/es\/Organizacion\/Organigramas-y-competencias\/Organos-colegiados\/?vgnextfmt=default&amp;vgnextoid=8bdfb4a9c9fa6610VgnVCM2000001f4a900aRCRD&amp;vgnextchannel=6039508929a56510VgnVCM1000008a4a900aRCRD\" target=\"_blank\" rel=\"noopener noreferrer\">\u00d3rganos Colegiados<\/a><\/strong><\/p>\n\n\n\n<h3 class=\"wp-block-heading\"><strong><a href=\"http:\/\/fuencactiva.org\/wp-content\/uploads\/2019\/09\/12Distritos.pdf\" target=\"_blank\" rel=\"noreferrer noopener\" aria-label=\"ORGANIGRAMA DE LOS DISTRITOS (abre en una nueva pesta\u00f1a)\">ORGANIGRAMA DE LOS DISTRITOS<\/a><\/strong><\/h3>\n\n\n\n<div class=\"wp-block-group has-very-light-gray-background-color has-background\"><div class=\"wp-block-group__inner-container is-layout-flow\">\n<p class=\"has-medium-font-size\"><strong><a href=\"https:\/\/transparencia.madrid.es\/portales\/transparencia\/es\/Organizacion\/Organigramas-y-competencias\/Fuencarral-El-Pardo\/?vgnextfmt=default&amp;vgnextoid=ac1b304144f73510VgnVCM2000001f4a900aRCRD&amp;vgnextchannel=6039508929a56510VgnVCM1000008a4a900aRCRD\" target=\"_blank\" rel=\"noreferrer noopener\" aria-label=\"DISTRITO DE FUENCARRAL EL PARDO (se abre en una nueva pesta\u00f1a)\">DISTRITO DE FUENCARRAL EL PARDO<\/a><\/strong><\/p>\n\n\n\n<p class=\"has-medium-font-size\">*<strong><a rel=\"noreferrer noopener\" href=\"http:\/\/fuencactiva.org\/wp-content\/uploads\/2019\/08\/ForoLocalFEP17-19.jpeg\" target=\"_blank\">Foro Local del Distrito<\/a><\/strong><\/p>\n<\/div><\/div>\n","protected":false},"excerpt":{"rendered":"<p>En estos enlaces podr\u00e1s acceder directamente a los organigramas, pero tambi\u00e9n a la pg que informa de cada una de estas estructuras, d\u00f3nde se localiza, qui\u00e9nes son sus responsables y las competencias que tienen. Los organismos aut\u00f3nomos los hemos colocado en el bloque de aquellas estructuras de las que dependen. ORGANIGRAMA DEL AYUNTAMIENTO ALCALD\u00cdA *Coordinaci\u00f3n [&hellip;]<\/p>\n","protected":false},"author":5,"featured_media":0,"parent":18,"menu_order":0,"comment_status":"closed","ping_status":"closed","template":"","meta":[],"jetpack_sharing_enabled":true,"_links":{"self":[{"href":"https:\/\/fuencactiva.org\/index.php?rest_route=\/wp\/v2\/pages\/20"}],"collection":[{"href":"https:\/\/fuencactiva.org\/index.php?rest_route=\/wp\/v2\/pages"}],"about":[{"href":"https:\/\/fuencactiva.org\/index.php?rest_route=\/wp\/v2\/types\/page"}],"author":[{"embeddable":true,"href":"https:\/\/fuencactiva.org\/index.php?rest_route=\/wp\/v2\/users\/5"}],"replies":[{"embeddable":true,"href":"https:\/\/fuencactiva.org\/index.php?rest_route=%2Fwp%2Fv2%2Fcomments&post=20"}],"version-history":[{"count":42,"href":"https:\/\/fuencactiva.org\/index.php?rest_route=\/wp\/v2\/pages\/20\/revisions"}],"predecessor-version":[{"id":3226,"href":"https:\/\/fuencactiva.org\/index.php?rest_route=\/wp\/v2\/pages\/20\/revisions\/3226"}],"up":[{"embeddable":true,"href":"https:\/\/fuencactiva.org\/index.php?rest_route=\/wp\/v2\/pages\/18"}],"wp:attachment":[{"href":"https:\/\/fuencactiva.org\/index.php?rest_route=%2Fwp%2Fv2%2Fmedia&parent=20"}],"curies":[{"name":"wp","href":"https:\/\/api.w.org\/{rel}","templated":true}]}}