{"id":2101,"date":"2019-07-17T13:04:43","date_gmt":"2019-07-17T11:04:43","guid":{"rendered":"http:\/\/fuencactiva.org\/?page_id=2101"},"modified":"2020-02-05T09:49:49","modified_gmt":"2020-02-05T08:49:49","slug":"cooperacion-publico-social","status":"publish","type":"page","link":"https:\/\/fuencactiva.org\/?page_id=2101","title":{"rendered":"Cooperaci\u00f3n P\u00fablico Social"},"content":{"rendered":"\n<p class=\"has-medium-font-size\">La cooperaci\u00f3n p\u00fablico social existe desde los ayuntamientos democr\u00e1ticos, con m\u00e1s o menos profundidad, m\u00e1s o menos cooperaci\u00f3n, y con m\u00e1s o menos confusi\u00f3n entre lo p\u00fablico, lo com\u00fan, lo social, lo privado&#8230;<\/p>\n\n\n\n<p class=\"has-medium-font-size\"> Es, por tanto, importante saber que hacer una cierta regulaci\u00f3n de esta forma de intervenci\u00f3n de la ciudadan\u00eda en el espacio de lo p\u00fablico-com\u00fan, es algo positivo. <\/p>\n\n\n\n<p class=\"has-medium-font-size\">La corporaci\u00f3n anterior aprob\u00f3 en el 2018 la <strong><a rel=\"noreferrer noopener\" aria-label=\"Ordenanza de Cooperaci\u00f3n P\u00fablico Social (abre en una nueva pesta\u00f1a)\" href=\"http:\/\/fuencactiva.org\/wp-content\/uploads\/2019\/08\/Ordenanza-Cooperacion-Publico-Social.pdf\" target=\"_blank\">Ordenanza de Cooperaci\u00f3n P\u00fablico Social<\/a><\/strong> que, si bien, no es la mejor que pod\u00edamos tener, avanz\u00f3 y encauz\u00f3 algunas de las iniciativas que ven\u00edan desarroll\u00e1ndose desde hace tiempo, sin un marco definido y sujetas, por tanto, a la arbitrariedad de las corporaciones de turno.<\/p>\n\n\n\n<p class=\"has-medium-font-size\"><strong>En este <a rel=\"noreferrer noopener\" aria-label=\"enlace (abre en una nueva pesta\u00f1a)\" href=\"https:\/\/diario.madrid.es\/coopera\/experiencias-de-cooperacion-publico-social-ya-existentes\/\" target=\"_blank\">enlace<\/a> puedes ver algunas de las experiencias de cooperaci\u00f3n p\u00fablico social que se iniciaron.<\/strong><\/p>\n\n\n\n<p class=\"has-medium-font-size\">De ellas, en nuestro distrito  tenemos hasta el momento:<\/p>\n\n\n\n<p class=\"has-medium-font-size\">Un enredadero, en la Vaguada<\/p>\n\n\n\n<p class=\"has-medium-font-size\">Un equipo de acci\u00f3n distrital, realizando mejoras del entorno urbano en diferentes barrios<\/p>\n\n\n\n<p class=\"has-medium-font-size\">Un espacio cedido, el CSA Playa Gata<\/p>\n\n\n\n<p class=\"has-medium-font-size\">Varios huertos urbanos en el Programa de Huertos<\/p>\n\n\n\n<p class=\"has-medium-font-size\"><strong>Esta ordenanza, no obstante, ser\u00e1 derogada<\/strong> por el actual equipo de Gobierno, que ya ha iniciado los tr\u00e1mites para ello, seg\u00fan podemos ver en <strong><a href=\"https:\/\/transparencia.madrid.es\/portales\/transparencia\/es\/Informacion-juridica\/Huella-normativa\/Ordenanza-de-Cooperacion-Publico-Social-del-Ayuntamiento-de-Madrid\/?vgnextfmt=default&amp;vgnextoid=d9f9042533130610VgnVCM2000001f4a900aRCRD&amp;vgnextchannel=4099508929a56510VgnVCM1000008a4a900aRCRD\" target=\"_blank\" rel=\"noreferrer noopener\" aria-label=\"la p\u00e1gina de la huella normativa correspondiente (se abre en una nueva pesta\u00f1a)\">la p\u00e1gina de la huella normativa correspondiente<\/a><\/strong>.<\/p>\n\n\n\n<p><\/p>\n","protected":false},"excerpt":{"rendered":"<p>La cooperaci\u00f3n p\u00fablico social existe desde los ayuntamientos democr\u00e1ticos, con m\u00e1s o menos profundidad, m\u00e1s o menos cooperaci\u00f3n, y con m\u00e1s o menos confusi\u00f3n entre lo p\u00fablico, lo com\u00fan, lo social, lo privado&#8230; Es, por tanto, importante saber que hacer una cierta regulaci\u00f3n de esta forma de intervenci\u00f3n de la ciudadan\u00eda en el espacio de [&hellip;]<\/p>\n","protected":false},"author":5,"featured_media":0,"parent":0,"menu_order":13,"comment_status":"closed","ping_status":"closed","template":"","meta":[],"jetpack_sharing_enabled":true,"_links":{"self":[{"href":"https:\/\/fuencactiva.org\/index.php?rest_route=\/wp\/v2\/pages\/2101"}],"collection":[{"href":"https:\/\/fuencactiva.org\/index.php?rest_route=\/wp\/v2\/pages"}],"about":[{"href":"https:\/\/fuencactiva.org\/index.php?rest_route=\/wp\/v2\/types\/page"}],"author":[{"embeddable":true,"href":"https:\/\/fuencactiva.org\/index.php?rest_route=\/wp\/v2\/users\/5"}],"replies":[{"embeddable":true,"href":"https:\/\/fuencactiva.org\/index.php?rest_route=%2Fwp%2Fv2%2Fcomments&post=2101"}],"version-history":[{"count":6,"href":"https:\/\/fuencactiva.org\/index.php?rest_route=\/wp\/v2\/pages\/2101\/revisions"}],"predecessor-version":[{"id":3392,"href":"https:\/\/fuencactiva.org\/index.php?rest_route=\/wp\/v2\/pages\/2101\/revisions\/3392"}],"wp:attachment":[{"href":"https:\/\/fuencactiva.org\/index.php?rest_route=%2Fwp%2Fv2%2Fmedia&parent=2101"}],"curies":[{"name":"wp","href":"https:\/\/api.w.org\/{rel}","templated":true}]}}