{"id":212,"date":"2015-08-08T09:48:07","date_gmt":"2015-08-08T09:48:07","guid":{"rendered":"http:\/\/fuencactiva.org\/?page_id=212"},"modified":"2021-08-29T20:20:02","modified_gmt":"2021-08-29T18:20:02","slug":"servicios-y-programas","status":"publish","type":"page","link":"https:\/\/fuencactiva.org\/?page_id=212","title":{"rendered":"Servicios y Programas"},"content":{"rendered":"\n<p class=\"has-medium-font-size\">Los servicios y programas que rese\u00f1amos aqu\u00ed son aquellos a los que puedes acceder directamente.  Existen otros que requieren que pases previamente por algunos de los centros de servicios sociales, donde una vez analizada la demanda, te indicar\u00e1n los siguientes pasos. O que acudas a alguno de los departamentos de la <a rel=\"noreferrer noopener\" aria-label=\"Junta de distrito (abre en una nueva pesta\u00f1a)\" href=\"http:\/\/fuencactiva.org\/?page_id=49\" target=\"_blank\"><strong>Junta de distrito<\/strong><\/a> para que te informen.<\/p>\n\n\n\n<p class=\"has-medium-font-size\"><strong><a href=\"https:\/\/www.madrid.es\/portales\/munimadrid\/es\/Inicio\/Servicios-sociales-y-salud\/Direcciones-y-telefonos\/Centro-de-Servicios-Sociales-Badalona\/?vgnextfmt=default&amp;vgnextoid=7e42d4985261c010VgnVCM1000000b205a0aRCRD&amp;vgnextchannel=2bc2c8eb248fe410VgnVCM1000000b205a0aRCRD\" target=\"_blank\" rel=\"noreferrer noopener\">CENTRO DE SERVICIOS SOCIALES BADALONA<\/a><\/strong><\/p>\n\n\n\n<p class=\"has-medium-font-size\"><strong><a href=\"https:\/\/www.madrid.es\/portales\/munimadrid\/es\/Inicio\/Servicios-sociales-y-salud\/Direcciones-y-telefonos\/Centro-de-Servicios-Sociales-San-Vicente-de-Paul\/?vgnextfmt=default&amp;vgnextoid=4efaf29b4725c210VgnVCM2000000c205a0aRCRD&amp;vgnextchannel=2bc2c8eb248fe410VgnVCM1000000b205a0aRCRD\" target=\"_blank\" rel=\"noreferrer noopener\">CENTRO DE SERVICIOS SOCIALES SAN VICENTE DE PAUL<\/a><\/strong>. Aqu\u00ed se pide cita previa para el <strong>Punto de Atenci\u00f3n de El Pardo<\/strong>. <\/p>\n\n\n\n<p class=\"has-medium-font-size\"><strong><a href=\"https:\/\/www.madrid.es\/portales\/munimadrid\/es\/Inicio\/Mayores\/Direcciones-y-telefonos\/Centro-de-Dia-Municipal-Penagrande-\/?vgnextfmt=default&amp;vgnextoid=2620598d1351c010VgnVCM1000000b205a0aRCRD&amp;vgnextchannel=ac6931d3b28fe410VgnVCM1000000b205a0aRCRD\" target=\"_blank\" rel=\"noreferrer noopener\">CENTRO DE DIA DE PERSONAS MAYORES Pe\u00f1agrande (f\u00edsico)<\/a><\/strong><\/p>\n\n\n\n<p class=\"has-medium-font-size\"><strong><a href=\"https:\/\/www.madrid.es\/portales\/munimadrid\/es\/Inicio\/Mayores\/Direcciones-y-telefonos\/Centro-de-Dia-Municipal-Fray-Luis-de-Leon-\/?vgnextfmt=default&amp;vgnextoid=3767d4985261c010VgnVCM1000000b205a0aRCRD&amp;vgnextchannel=ac6931d3b28fe410VgnVCM1000000b205a0aRCRD\" target=\"_blank\" rel=\"noreferrer noopener\">CENTRO DE DIA DE PERSONAS MAYORES\u00a0 Fray Luis de Le\u00f3n (f\u00edsico y alzheimer)<\/a><\/strong> <\/p>\n\n\n\n<p class=\"has-medium-font-size\"><strong><a href=\"https:\/\/www.madrid.es\/portales\/munimadrid\/es\/Inicio\/Servicios-sociales-y-salud\/Servicios-sociales\/Centro-de-Dia-Municipal-Vocal-Vecino-Justo-Sierra-\/?vgnextfmt=default&amp;vgnextoid=abb6ff4092dac110VgnVCM2000000c205a0aRCRD&amp;vgnextchannel=70e4c8eb248fe410VgnVCM1000000b205a0aRCRD\" target=\"_blank\" rel=\"noreferrer noopener\">CENTRO DE DIA DE PERSONAS MAYORES Vocal Vecino Justo Sierra (alzheimer)<\/a><\/strong> <\/p>\n\n\n\n<p class=\"has-medium-font-size\"><strong><a href=\"https:\/\/sede.madrid.es\/sites\/v\/index.jsp?vgnextoid=fae76a38d1bed010VgnVCM2000000c205a0aRCRD&amp;vgnextchannel=23a99c5ffb020310VgnVCM100000171f5a0aRCRD\" target=\"_blank\" rel=\"noreferrer noopener\">SERVICIO DE AYUDA A DOMICILIO\nPARA PERSONAS MAYORES<\/a><\/strong><\/p>\n\n\n\n<p class=\"has-medium-font-size\"><strong><a href=\"http:\/\/www.madrid.es\/portales\/munimadrid\/es\/Inicio\/El-Ayuntamiento\/Emergencias-y-seguridad\/Centro-de-Apoyo-a-las-Familias-CAF-6?vgnextfmt=default&amp;vgnextoid=306e14c4d661c010VgnVCM1000000b205a0aRCRD&amp;vgnextchannel=d11c9ad016e07010VgnVCM100000dc0ca8c0RCRD\" target=\"_blank\" rel=\"noreferrer noopener\">CENTRO DE APOYO A LAS FAMILIAS CAF\n6<\/a><\/strong><strong><\/strong><\/p>\n\n\n\n<p class=\"has-medium-font-size\"><strong><a href=\"http:\/\/www.madrid.es\/portales\/munimadrid\/es\/Inicio\/Accesibilidad\/Centro-de-Atencion-a-la-Infancia-CAI-5-Fuencarral?vgnextfmt=default&amp;vgnextoid=ca9c06d66d296210VgnVCM1000000b205a0aRCRD&amp;vgnextchannel=1ade43db40317010VgnVCM100000dc0ca8c0RCRD\" target=\"_blank\" rel=\"noreferrer noopener\">CENTRO DE ATENCI\u00d3N A LA INFANCIA\nCAI 9<\/a><\/strong><strong><\/strong><\/p>\n\n\n\n<p class=\"has-medium-font-size\"><strong><a href=\"https:\/\/www.madrid.es\/portales\/munimadrid\/es\/Inicio\/Cultura-ocio-y-deporte\/Cultura-y-ocio\/Direcciones-y-telefonos\/Oficina-de-Informacion-Juvenil-Zona-2-Fuencarral-El-Pardo-y-Moncloa-Aravaca-\/?vgnextfmt=default&amp;vgnextoid=6cbb6dac693ce210VgnVCM2000000c205a0aRCRD&amp;vgnextchannel=76f3efff228fe410VgnVCM2000000c205a0aRCRD\" target=\"_blank\" rel=\"noreferrer noopener\">OFICINA DE INFORMACI\u00d3N JUVENIL- ZONA 2<\/a><\/strong><\/p>\n\n\n\n<p class=\"has-medium-font-size\"><strong><a href=\"https:\/\/www.facebook.com\/CentroComunitarioGuatemala\/\" target=\"_blank\" rel=\"noreferrer noopener\" aria-label=\"CENTRO COMUNITARIO GUATEMALA (abre en una nueva pesta\u00f1a)\">CENTRO COMUNITARIO GUATEMALA<\/a><\/strong><\/p>\n\n\n\n<p class=\"has-medium-font-size\"><strong><a href=\"https:\/\/www.madrid.es\/portales\/munimadrid\/es\/Inicio\/Infancia-y-familia\/Direcciones-y-telefonos\/Centro-de-Adolescentes-y-Jovenes-ASPA-N-7\/?vgnextfmt=default&amp;vgnextoid=837963c08ba71610VgnVCM1000001d4a900aRCRD&amp;vgnextchannel=a581b7dd3f7fe410VgnVCM1000000b205a0aRCRD\" target=\"_blank\" rel=\"noreferrer noopener\">CENTRO DE ADOLESCENTES Y J\u00d3VENES ASPA 7<\/a><\/strong><\/p>\n\n\n\n<p class=\"has-medium-font-size\"><a href=\"https:\/\/www.madrid.es\/portales\/munimadrid\/es\/Inicio\/Servicios-sociales-y-salud\/Direcciones-y-telefonos\/CMSc-Centro-Municipal-de-Salud-Comunitaria-Fuencarral\/?vgnextfmt=default&amp;vgnextoid=8ef24b6faa61c010VgnVCM1000000b205a0aRCRD&amp;vgnextchannel=2bc2c8eb248fe410VgnVCM1000000b205a0aRCRD\"><strong>CENTRO MUNICIPAL DE SALUD COMUNITARIA FUENCARRAL<\/strong><\/a><\/p>\n\n\n\n<p class=\"has-medium-font-size\"><strong><a rel=\"noreferrer noopener\" href=\"https:\/\/www.comunidad.madrid\/centros\/centro-salud-mental-fuencarral\" target=\"_blank\">CENTRO DE SALUD MENTAL<\/a><\/strong><\/p>\n\n\n\n<p class=\"has-medium-font-size\"><strong><a href=\"https:\/\/www.madrid.es\/portales\/munimadrid\/es\/Inicio\/Servicios-sociales-y-salud\/Direcciones-y-telefonos\/Centro-de-Atencion-a-las-Adicciones-CAD-de-Tetuan\/?vgnextfmt=default&amp;vgnextoid=1815d4985261c010VgnVCM1000000b205a0aRCRD&amp;vgnextchannel=2bc2c8eb248fe410VgnVCM1000000b205a0aRCRD\" target=\"_blank\" rel=\"noreferrer noopener\" aria-label=\"CENTRO DE ATENCI\u00d3N A LAS ADICIONES (abre en una nueva pesta\u00f1a)\">CENTRO DE ATENCI\u00d3N A LAS ADICIONES<\/a><\/strong><\/p>\n\n\n\n<p class=\"has-medium-font-size\"><a rel=\"noopener noreferrer\" href=\"http:\/\/www.madrid.es\/portales\/munimadrid\/es\/Inicio\/El-Ayuntamiento\/Servicios-sociales\/Samur-Social-Personas-sin-hogar?vgnextfmt=default&amp;vgnextchannel=1a29b6aec4fad110VgnVCM2000000c205a0aRCRD&amp;vgnextoid=1a29b6aec4fad110VgnVCM2000000c205a0aRCRD\" target=\"_blank\"><strong>SAMUR SOCIAL<\/strong><\/a><\/p>\n\n\n\n<p class=\"has-medium-font-size\"><a rel=\"noreferrer noopener\" href=\"https:\/\/www.madrid.es\/portales\/munimadrid\/es\/Inicio\/Igualdad-entre-mujeres-y-hombres\/Direcciones-y-telefonos\/Espacio-de-Igualdad-Lucrecia-Perez\/?vgnextfmt=default&amp;vgnextoid=7b6882025c4b2610VgnVCM2000001f4a900aRCRD&amp;vgnextchannel=ab79aaa26f535510VgnVCM1000008a4a900aRCRD\" target=\"_blank\"><strong>ESPACIO DE IGUALDAD LUCRECIA P\u00c9REZ<\/strong><\/a><\/p>\n\n\n\n<p class=\"has-medium-font-size\"><a rel=\"noopener noreferrer\" href=\"http:\/\/www.madrid.es\/portales\/munimadrid\/es\/Inicio\/Servicios-sociales-y-salud\/Servicio-de-Atencion-a-Mujeres-Victimas-de-Violencia-de-Genero-S-A-V-G-24-Horas-?vgnextfmt=default&amp;vgnextoid=764157258ae5d010VgnVCM1000000b205a0aRCRD&amp;vgnextchannel=6b1e31d3b28fe410VgnVCM1000000b205a0aRCRD&amp;WT.ac=Servicio_de_Atencion_a_Victimas_de_Violencia_de_Genero\" target=\"_blank\"><strong>SERVICIO DE ATENCI\u00d3N A MUJERES V\u00cdCTIMAS DE VIOLENCIA DE G\u00c9NERO (S.A.V.G. 24 Horas)<\/strong><\/a><\/p>\n\n\n\n<p class=\"has-medium-font-size\"><strong><a rel=\"noreferrer noopener\" href=\"http:\/\/www.madrid.es\/portales\/munimadrid\/es\/Baloncesto\/OAC-Policia-Municipal-Unidad-Integral-de-Distrito-Fuencarral-El-Pardo?vgnextfmt=especial1&amp;vgnextoid=fc30de294e585310VgnVCM2000000c205a0aRCRD&amp;vgnextchannel=e4e56cbb9a75e010VgnVCM1000000b205a0aRCRD\" target=\"_blank\">OFICINA DE ATENCI\u00d3N A LA CIUDADAN\u00cdA &#8211; POLIC\u00cdA MUNICIPAL<\/a><\/strong><\/p>\n\n\n\n<p class=\"has-medium-font-size\"><a rel=\"noreferrer noopener\" href=\"https:\/\/www.madrid.es\/portales\/munimadrid\/es\/Inicio\/Educacion-y-empleo\/Empleo\/Agencia-para-el-Empleo-de-Madrid\/?vgnextfmt=default&amp;vgnextoid=c65815fa10294110VgnVCM1000000b205a0aRCRD&amp;vgnextchannel=3f50c5dee78fe410VgnVCM1000000b205a0aRCRD&amp;idCapitulo=7665082\" target=\"_blank\"><strong>AGENCIA PARA EL EMPLEO DE MADRID<\/strong><\/a><\/p>\n\n\n\n<p class=\"has-medium-font-size\"><strong><a href=\"https:\/\/www.madrid.es\/portales\/munimadrid\/es\/Inicio\/Vivienda-y-urbanismo\/Vivienda\/Direcciones-y-telefonos\/Servicio-de-Asesoramiento-a-la-Emergencia-Residencial\/?vgnextfmt=default&amp;vgnextoid=498bacf13a77e410VgnVCM2000000c205a0aRCRD&amp;vgnextchannel=81a431d3b28fe410VgnVCM1000000b205a0aRCRD\" target=\"_blank\" rel=\"noreferrer noopener\" aria-label=\"SERVICIO DE ASESORAMIENTO A LA EMERGENCIA RESIDENCIAL (abre en una nueva pesta\u00f1a)\">SERVICIO DE ASESORAMIENTO A LA EMERGENCIA RESIDENCIAL<\/a><\/strong><\/p>\n\n\n\n<p class=\"has-medium-font-size\"><strong><a rel=\"noreferrer noopener\" href=\"http:\/\/www.madrid.es\/portales\/munimadrid\/es\/Inicio\/El-Ayuntamiento\/Fuencarral-El-Pardo\/Oficina-Municipal-de-Informacion-al-Consumidor-OMIC-Distrito-de-Fuencarral-El-Pardo?vgnextfmt=default&amp;vgnextoid=df41827a9e41c010VgnVCM2000000c205a0aRCRD&amp;vgnextchannel=7c73ca5d5fb96010VgnVCM100000dc0ca8c0RCRD\" target=\"_blank\">OFICINA MUNICIPAL DE INFORMACI\u00d3N A LAS PERSONAS CONSUMIDORAS<\/a><\/strong><\/p>\n\n\n\n<p class=\"has-medium-font-size\"><strong><a rel=\"noreferrer noopener\" href=\"http:\/\/www.madrid.es\/portales\/munimadrid\/es\/Inicio\/El-Ayuntamiento\/Fuencarral-El-Pardo\/Punto-Limpio-Fijo-del-Ayuntamiento-de-Madrid-Distrito-de-Fuencarral-El-Pardo?vgnextfmt=default&amp;vgnextoid=30175a0f8161c010VgnVCM1000000b205a0aRCRD&amp;vgnextchannel=7c73ca5d5fb96010VgnVCM100000dc0ca8c0RCRD\" target=\"_blank\">PUNTO LIMPIO FIJO<\/a><\/strong><\/p>\n\n\n\n<p class=\"has-medium-font-size\"><strong>Servicio de recogida a domicilio de muebles y  enseres:&nbsp;Telefonear al 010<\/strong><\/p>\n","protected":false},"excerpt":{"rendered":"<p>Los servicios y programas que rese\u00f1amos aqu\u00ed son aquellos a los que puedes acceder directamente. Existen otros que requieren que pases previamente por algunos de los centros de servicios sociales, donde una vez analizada la demanda, te indicar\u00e1n los siguientes pasos. O que acudas a alguno de los departamentos de la Junta de distrito para [&hellip;]<\/p>\n","protected":false},"author":5,"featured_media":0,"parent":22,"menu_order":1,"comment_status":"closed","ping_status":"open","template":"","meta":[],"jetpack_sharing_enabled":true,"_links":{"self":[{"href":"https:\/\/fuencactiva.org\/index.php?rest_route=\/wp\/v2\/pages\/212"}],"collection":[{"href":"https:\/\/fuencactiva.org\/index.php?rest_route=\/wp\/v2\/pages"}],"about":[{"href":"https:\/\/fuencactiva.org\/index.php?rest_route=\/wp\/v2\/types\/page"}],"author":[{"embeddable":true,"href":"https:\/\/fuencactiva.org\/index.php?rest_route=\/wp\/v2\/users\/5"}],"replies":[{"embeddable":true,"href":"https:\/\/fuencactiva.org\/index.php?rest_route=%2Fwp%2Fv2%2Fcomments&post=212"}],"version-history":[{"count":17,"href":"https:\/\/fuencactiva.org\/index.php?rest_route=\/wp\/v2\/pages\/212\/revisions"}],"predecessor-version":[{"id":3756,"href":"https:\/\/fuencactiva.org\/index.php?rest_route=\/wp\/v2\/pages\/212\/revisions\/3756"}],"up":[{"embeddable":true,"href":"https:\/\/fuencactiva.org\/index.php?rest_route=\/wp\/v2\/pages\/22"}],"wp:attachment":[{"href":"https:\/\/fuencactiva.org\/index.php?rest_route=%2Fwp%2Fv2%2Fmedia&parent=212"}],"curies":[{"name":"wp","href":"https:\/\/api.w.org\/{rel}","templated":true}]}}