{"id":2149,"date":"2019-07-20T19:14:21","date_gmt":"2019-07-20T17:14:21","guid":{"rendered":"http:\/\/fuencactiva.org\/?page_id=2149"},"modified":"2020-12-29T12:27:20","modified_gmt":"2020-12-29T11:27:20","slug":"barrios","status":"publish","type":"page","link":"https:\/\/fuencactiva.org\/?page_id=2149","title":{"rendered":"Barrios"},"content":{"rendered":"\n<p class=\"has-medium-font-size\">Actualmente existen 131 barrios administrativos en la ciudad de Madrid, distribuidos en 21 distritos.<\/p>\n\n\n\n<p class=\"has-medium-font-size\"><strong>El <a href=\"https:\/\/www.madrid.es\/UnidadesDescentralizadas\/UDCEstadistica\/Nuevaweb\/Territorio,%20Clima%20y%20Medio%20Ambiente\/Territorio\/Mapas%20de%20dist%20y%20bar\/Fuencarral-El%20Pardo\/Distrito%2008%20-%20Fuencarral-El%20Pardo.pdf\" target=\"_blank\" rel=\"noreferrer noopener\" aria-label=\"distrito de Fuencarral El Pardo (se abre en una nueva pesta\u00f1a)\">distrito de Fuencarral El Pardo<\/a> se divide administrativamente en 8&nbsp;barrios oficiales<\/strong>: El Pardo (81), Fuentelarreina (82), Pe\u00f1agrande (83), El Pilar (84), La Paz (85), Valverde (86), Mirasierra (87) y El Goloso (88).<\/p>\n\n\n\n<p class=\"has-medium-font-size\">Pero en la pr\u00e1ctica, a estos barrios se a\u00f1aden los de: Bego\u00f1a, Tres Olivos y Las Tablas (en Valverde), y Montecarmelo y Arroyo Fresno (en Mirasierra).<\/p>\n\n\n\n<h2 class=\"wp-block-heading\"><strong>ALGUNOS DATOS DE NUESTROS BARRIOS<\/strong><\/h2>\n\n\n\n<p class=\"has-medium-font-size\">Aunque los datos estad\u00edsticos existentes, se siguen ofreciendo por barrios, ya se han comenzado a proporcionar datos referidos a las secciones censales, que al ser de tama\u00f1o m\u00e1s reducido y articularse en base a diferentes variables, nos permiten acotar mejor las caracter\u00edsticas de las distintas zonas de cada barrio.<\/p>\n\n\n\n<p class=\"has-medium-font-size\">Para identificar las secciones censales se utiliza una&nbsp;<a rel=\"noreferrer noopener\" href=\"http:\/\/fuencactiva.org\/wp-content\/uploads\/2018\/08\/tipologiadeseccionescensales.pdf\" target=\"_blank\"><strong>tipolog\u00eda, que puedes ver aqu\u00ed<\/strong><\/a>. Desde noviembre de 2017, la divisi\u00f3n administrativa vigente nos informa de 2.443 secciones en la ciudad de Madrid, de las cuales 184 est\u00e1n en el distrito de Fuencarral El Pardo. A continuaci\u00f3n enlazamos los mapas territoriales, con sus secciones, de cada uno de los barrios, y la ficha de datos.<\/p>\n\n\n\n<p class=\"has-medium-font-size\"><strong><a href=\"http:\/\/fuencactiva.org\/wp-content\/uploads\/2019\/08\/Barrio-081.pdf\" target=\"_blank\" rel=\"noreferrer noopener\" aria-label=\"El Pardo (abre en una nueva pesta\u00f1a)\">El Pardo<\/a><\/strong> (secciones 1 a 4)<\/p>\n\n\n\n<p class=\"has-medium-font-size\"><a rel=\"noreferrer noopener\" aria-label=\"Ficha (abre en una nueva pesta\u00f1a)\" href=\"http:\/\/fuencactiva.org\/wp-content\/uploads\/2019\/07\/FichaBarrio81.pdf\" target=\"_blank\">Ficha<\/a><\/p>\n\n\n\n<p class=\"has-medium-font-size\"><strong><a href=\"http:\/\/fuencactiva.org\/wp-content\/uploads\/2019\/08\/Barrio-082.pdf\" target=\"_blank\" rel=\"noreferrer noopener\" aria-label=\"Fuentelarreina (abre en una nueva pesta\u00f1a)\">Fuentelarreina<\/a><\/strong> (secciones 5 a 7)<\/p>\n\n\n\n<p class=\"has-medium-font-size\"><a rel=\"noreferrer noopener\" aria-label=\"Ficha (abre en una nueva pesta\u00f1a)\" href=\"http:\/\/fuencactiva.org\/wp-content\/uploads\/2019\/07\/FichaBarrio82.pdf\" target=\"_blank\">Ficha<\/a> <\/p>\n\n\n\n<p class=\"has-medium-font-size\"><strong><a href=\"http:\/\/fuencactiva.org\/wp-content\/uploads\/2019\/08\/Barrio-083.pdf\" target=\"_blank\" rel=\"noreferrer noopener\" aria-label=\"Pe\u00f1agrande (abre en una nueva pesta\u00f1a)\">Pe\u00f1agrande<\/a><\/strong> (secciones  8 a 29, 49 a 52, 140 a 143, 145, 148 a 149, 151, 157 y 182)<\/p>\n\n\n\n<p class=\"has-medium-font-size\"><a rel=\"noreferrer noopener\" aria-label=\"Ficha (abre en una nueva pesta\u00f1a)\" href=\"http:\/\/fuencactiva.org\/wp-content\/uploads\/2019\/07\/FichaBarrio83.pdf\" target=\"_blank\">Ficha<\/a><\/p>\n\n\n\n<p class=\"has-medium-font-size\"><strong><a href=\"http:\/\/fuencactiva.org\/wp-content\/uploads\/2019\/08\/Barrio-084.pdf\" target=\"_blank\" rel=\"noreferrer noopener\" aria-label=\"El Pilar (abre en una nueva pesta\u00f1a)\">El Pilar<\/a><\/strong> (secciones  30 a 34, 45 a 48, 53 a 69 y 71 a 89)<\/p>\n\n\n\n<p class=\"has-medium-font-size\"><a rel=\"noreferrer noopener\" aria-label=\"Ficha (abre en una nueva pesta\u00f1a)\" href=\"http:\/\/fuencactiva.org\/wp-content\/uploads\/2019\/07\/FichaBarrio84.pdf\" target=\"_blank\">Ficha<\/a><\/p>\n\n\n\n<p class=\"has-medium-font-size\"><strong><a href=\"http:\/\/fuencactiva.org\/wp-content\/uploads\/2019\/08\/Barrio-085.pdf\" target=\"_blank\" rel=\"noreferrer noopener\" aria-label=\"La Paz  (abre en una nueva pesta\u00f1a)\">La Paz <\/a><\/strong>(secciones  35 a 44, 90 a 100, 102 a 103 y 144,146 y 150)<\/p>\n\n\n\n<p class=\"has-medium-font-size\"><a rel=\"noreferrer noopener\" aria-label=\"Ficha (abre en una nueva pesta\u00f1a)\" href=\"http:\/\/fuencactiva.org\/wp-content\/uploads\/2019\/07\/FichaBarrio85.pdf\" target=\"_blank\">Ficha<\/a><\/p>\n\n\n\n<p class=\"has-medium-font-size\"><strong><a href=\"http:\/\/fuencactiva.org\/wp-content\/uploads\/2019\/08\/Barrio-086.pdf\" target=\"_blank\" rel=\"noreferrer noopener\" aria-label=\"Valverde (abre en una nueva pesta\u00f1a)\">Valverde<\/a><\/strong> (secciones 104 a 117, 119 a 126, 128, 153, 159 a 162, 166 a 168, 170 a 172, 174, 179 y 185 a 188)<\/p>\n\n\n\n<p class=\"has-medium-font-size\"><a rel=\"noreferrer noopener\" aria-label=\"Ficha (abre en una nueva pesta\u00f1a)\" href=\"http:\/\/fuencactiva.org\/wp-content\/uploads\/2019\/07\/FichaBarrio86.pdf\" target=\"_blank\">Ficha<\/a><\/p>\n\n\n\n<p class=\"has-medium-font-size\"><strong><a href=\"http:\/\/fuencactiva.org\/wp-content\/uploads\/2019\/08\/Barrio-087.pdf\" target=\"_blank\" rel=\"noreferrer noopener\" aria-label=\"Mirasierra (abre en una nueva pesta\u00f1a)\">Mirasierra<\/a><\/strong> (secciones 131 a 139, 147, 152, 154 a 156, 158, 163, 175, 177, 180 a 181 y 183)<\/p>\n\n\n\n<p class=\"has-medium-font-size\"><a rel=\"noreferrer noopener\" aria-label=\"Ficha (abre en una nueva pesta\u00f1a)\" href=\"http:\/\/fuencactiva.org\/wp-content\/uploads\/2019\/07\/FichaBarrio87.pdf\" target=\"_blank\">Ficha<\/a><\/p>\n\n\n\n<p class=\"has-medium-font-size\"><strong><a href=\"http:\/\/fuencactiva.org\/wp-content\/uploads\/2019\/08\/Barrio-088.pdf\" target=\"_blank\" rel=\"noreferrer noopener\" aria-label=\"El Goloso (abre en una nueva pesta\u00f1a)\">El Goloso<\/a><\/strong> (secciones  129 a 130, 164, 165, 169, 173, 176, 178 y 184 )<\/p>\n\n\n\n<p class=\"has-medium-font-size\"><a rel=\"noreferrer noopener\" aria-label=\"Ficha (abre en una nueva pesta\u00f1a)\" href=\"http:\/\/fuencactiva.org\/wp-content\/uploads\/2019\/07\/FichaBarrio88.pdf\" target=\"_blank\">Ficha<\/a><\/p>\n\n\n\n<p class=\"has-medium-font-size\">Te dejamos aqu\u00ed con alguna otra informaci\u00f3n  del distrito y de sus barrios, que pueden ser de inter\u00e9s.<\/p>\n\n\n\n<p class=\"has-medium-font-size\"><strong><a rel=\"noreferrer noopener\" aria-label=\"Panel de Indicadores de distritos y barrios de Madrid. Fuencarral El Pardo 2017 (abre en una nueva pesta\u00f1a)\" href=\"https:\/\/foroslocales.madrid.es\/fuencarral-el-pardo\/wp-content\/uploads\/sites\/28\/2018\/01\/FUENCARRAL.pdf\" target=\"_blank\">Panel de Indicadores del distrito de Fuencarral El Pardo 2017<\/a><\/strong><\/p>\n\n\n\n<p class=\"has-medium-font-size\"><a rel=\"noreferrer noopener\" aria-label=\"Actualidad socioecon\u00f3mica del distrito (julio 2019) (abre en una nueva pesta\u00f1a)\" href=\"http:\/\/fuencactiva.org\/wp-content\/uploads\/2019\/07\/FichaInformeSocioeconomicoFEP19.pdf\" target=\"_blank\"><strong>Actualidad socioecon\u00f3mica del distrito (julio 2019)<\/strong><\/a><\/p>\n\n\n\n<p class=\"has-medium-font-size\"><strong><a rel=\"noreferrer noopener\" aria-label=\"Renta familiar por secciones censales (datos de 2013) (abre en una nueva pesta\u00f1a)\" href=\"http:\/\/fuencactiva.org\/wp-content\/uploads\/2019\/07\/rentaFamiliarSeccionesCensales.pdf\" target=\"_blank\">Renta familiar por secciones censales (datos de 2013)<\/a><\/strong><\/p>\n\n\n\n<p class=\"has-medium-font-size\"><strong><a href=\"http:\/\/fuencactiva.org\/wp-content\/uploads\/2019\/12\/2019_MAD_Juego_Vs_Educacion_Barrios_A0-scaled.jpg\" target=\"_blank\" rel=\"noreferrer noopener\" aria-label=\"Mapa de los barrios de Madrid con localizaci\u00f3n de casas de apuestas y centros educativos (2019) (se abre en una nueva pesta\u00f1a)\">Mapa de los barrios de Madrid con localizaci\u00f3n de casas de apuestas y centros educativos (2019)<\/a><\/strong><\/p>\n\n\n\n<p class=\"has-medium-font-size\"><strong><a href=\"http:\/\/fuencactiva.org\/wp-content\/uploads\/2019\/12\/2019_MAD_Juego_Vs_Educacion_SecCensal_A0-scaled.jpg\" target=\"_blank\" rel=\"noreferrer noopener\" aria-label=\"Mapa de las secciones censales de Madrid con localizaci\u00f3n de casas de apuestas y centros educativos (2019) (se abre en una nueva pesta\u00f1a)\">Mapa de las secciones censales de Madrid con localizaci\u00f3n de casas de apuestas y centros educativos (2019)<\/a><\/strong><\/p>\n","protected":false},"excerpt":{"rendered":"<p>Actualmente existen 131 barrios administrativos en la ciudad de Madrid, distribuidos en 21 distritos. El distrito de Fuencarral El Pardo se divide administrativamente en 8&nbsp;barrios oficiales: El Pardo (81), Fuentelarreina (82), Pe\u00f1agrande (83), El Pilar (84), La Paz (85), Valverde (86), Mirasierra (87) y El Goloso (88). Pero en la pr\u00e1ctica, a estos barrios se [&hellip;]<\/p>\n","protected":false},"author":5,"featured_media":0,"parent":18,"menu_order":2,"comment_status":"closed","ping_status":"closed","template":"","meta":[],"jetpack_sharing_enabled":true,"_links":{"self":[{"href":"https:\/\/fuencactiva.org\/index.php?rest_route=\/wp\/v2\/pages\/2149"}],"collection":[{"href":"https:\/\/fuencactiva.org\/index.php?rest_route=\/wp\/v2\/pages"}],"about":[{"href":"https:\/\/fuencactiva.org\/index.php?rest_route=\/wp\/v2\/types\/page"}],"author":[{"embeddable":true,"href":"https:\/\/fuencactiva.org\/index.php?rest_route=\/wp\/v2\/users\/5"}],"replies":[{"embeddable":true,"href":"https:\/\/fuencactiva.org\/index.php?rest_route=%2Fwp%2Fv2%2Fcomments&post=2149"}],"version-history":[{"count":14,"href":"https:\/\/fuencactiva.org\/index.php?rest_route=\/wp\/v2\/pages\/2149\/revisions"}],"predecessor-version":[{"id":3615,"href":"https:\/\/fuencactiva.org\/index.php?rest_route=\/wp\/v2\/pages\/2149\/revisions\/3615"}],"up":[{"embeddable":true,"href":"https:\/\/fuencactiva.org\/index.php?rest_route=\/wp\/v2\/pages\/18"}],"wp:attachment":[{"href":"https:\/\/fuencactiva.org\/index.php?rest_route=%2Fwp%2Fv2%2Fmedia&parent=2149"}],"curies":[{"name":"wp","href":"https:\/\/api.w.org\/{rel}","templated":true}]}}