{"id":228,"date":"2015-08-08T18:20:59","date_gmt":"2015-08-08T16:20:59","guid":{"rendered":"http:\/\/fuencactiva.org\/?page_id=228"},"modified":"2019-09-07T18:56:22","modified_gmt":"2019-09-07T16:56:22","slug":"presupuestos-participativos","status":"publish","type":"page","link":"https:\/\/fuencactiva.org\/?page_id=228","title":{"rendered":"Presupuestos Participativos"},"content":{"rendered":"\n<p class=\"has-medium-font-size\">Los presupuestos participativos del Ayuntamiento de Madrid son competencia del \u00c1rea de Coordinaci\u00f3n Territorial, Transparencia y Participaci\u00f3n Ciudadana.<\/p>\n\n\n\n<p class=\"has-medium-font-size\"><strong>En resumen, el proceso actual es el siguiente:<\/strong> Las personas que se inscriben realizan propuestas directamente en la plataforma digital de decidemadrid. Estas propuestas pasan por varias fases donde se aplican determinados filtros para que el listado final sea manejable, dado que los equipos t\u00e9cnicos tienen que realizar informes de viabilidad de cada una de ellas. Sobre ese listado final, que es el que se presupuesta,&nbsp; se realiza la votaci\u00f3n digital y el resultado es un listado de propuestas ordenadas por n\u00famero de votos, corregido por el encaje de la suma de los presupuestos de cada propuesta, en funci\u00f3n de&nbsp; las cantidades totales correspondientes a cada distrito y a la ciudad. <\/p>\n\n\n\n<p class=\"has-medium-font-size\">El resultado es vinculante para el Gobierno Municipal salvo que, posteriormente, los equipos t\u00e9cnicos digan que la ejecuci\u00f3n plantea problemas irresolubles.<\/p>\n\n\n\n<p class=\"has-medium-font-size\">Los resultados, hasta el momento, despu\u00e9s de cuatro ciclos, contin\u00faan sin cumplir  con las expectativas que la publicidad del mismo ha creado en las personas, vecinas y vecinos de los barrios, que son, somos, quienes vamos a aprovechar o a sufrir las decisiones que se toman. Independientemente de las personas que expresan sus ideas y demandas y de quienes las votan (y por qu\u00e9), es evidente que este proceso se realiza no desde la perspectiva ciudadana, sino desde la perspectiva de participaci\u00f3n controlada que tiene este modelo. <\/p>\n\n\n\n<h3 class=\"wp-block-heading\">Diferentes modelos<\/h3>\n\n\n\n<p class=\"has-medium-font-size\"> Todo lo que tiene que ver con la participaci\u00f3n de la ciudadan\u00eda en las pol\u00edticas p\u00fablicas tiene diferentes enfoques, perspectivas, modelos y objetivos, seg\u00fan desde d\u00f3nde nos encontremos en la escala del poder municipal.<\/p>\n\n\n\n<p class=\"has-medium-font-size\">Desde la iniciativa ciudadana llevamos a\u00f1os impulsando aquellos modelos cuyos objetivos son el empoderamiento de la ciudadan\u00eda, la asunci\u00f3n de responsabilidades en el ejercicio del derecho a participar en la toma de decisiones sobre las pol\u00edticas p\u00fablicas, desde el dise\u00f1o hasta el seguimiento de su ejecuci\u00f3n. <\/p>\n\n\n\n<p class=\"has-medium-font-size\">Por ello, adoptamos el marco estrat\u00e9gico de la <strong><a href=\"http:\/\/fuencactiva.org\/wp-content\/uploads\/2019\/09\/declaracion-de-bogota.pdf\" target=\"_blank\" rel=\"noreferrer noopener\" aria-label=\"Declaraci\u00f3n de Bogot\u00e1, (abre en una nueva pesta\u00f1a)\">Declaraci\u00f3n de Bogot\u00e1,<\/a><\/strong> al que sumamos el enfoque de g\u00e9nero. <\/p>\n\n\n\n<h3 class=\"wp-block-heading\">Los Presupuestos Participativos en el distrito<\/h3>\n\n\n\n<p class=\"has-medium-font-size\">Desde la creaci\u00f3n de la <strong>Mesa de Presupuestos del Foro Local<\/strong>, \u00e9sta ha dedicado una buena parte de su trabajo a los presupuestos participativos, incidiendo en tres aspectos fundamentales, obviados por la plataforma online decidemadrid. <\/p>\n\n\n\n<p class=\"has-medium-font-size\">El primero ellos, la articulaci\u00f3n de la idea de facilitar la participaci\u00f3n de algunos sectores de la poblaci\u00f3n, mediante la <strong>plataforma online<\/strong>,  con la necesidad de facilitar la participaci\u00f3n de otros sectores de la poblaci\u00f3n con dificultades de acceso online. Hay a\u00fan muchas personas que por distintas razones carecen de acceso a internet o tienen dificultades para operar online, por lo que se requieren espacios presenciales y formaci\u00f3n en herramientas digitales.<\/p>\n\n\n\n<p class=\"has-medium-font-size\">El segundo, la <strong>deliberaci\u00f3n<\/strong> previa a la presentaci\u00f3n de propuestas, la deliberaci\u00f3n entre las propuestas ya presentadas antes de su apoyo, y la deliberaci\u00f3n de las propuestas informadas, antes de su votaci\u00f3n. A\u00fan no existen herramientas digitales que suplan las conversaciones deliberativas de los espacios presenciales, y estas son fundamentales para no quedarnos con propuestas motivadas por meras percepciones, ya sean individuales o colectivas.<\/p>\n\n\n\n<p class=\"has-medium-font-size\"> El tercero, la utilizaci\u00f3n de <strong>criterios sociales<\/strong> consensuados, que permitan realizar una priorizaci\u00f3n responsable, com\u00fan, solidaria&#8230; No tenemos recursos para cubrir todas las demandas vecinales, por lo que se hace necesario utilizar criterios que nos ayuden a priorizar, y que vayan m\u00e1s all\u00e1 de los intereses individuales o de grupos de presi\u00f3n.<\/p>\n\n\n\n<p class=\"has-medium-font-size\">Aqu\u00ed te dejamos con alguna documentaci\u00f3n.<\/p>\n\n\n\n<p class=\"has-medium-font-size\"><strong><a href=\"http:\/\/fuencactiva.org\/wp-content\/uploads\/2019\/09\/PrincipiosParticipativos.pdf\" target=\"_blank\" rel=\"noreferrer noopener\" aria-label=\"Esquema de principios, objetivos y herramientas (abre en una nueva pesta\u00f1a)\">Esquema de principios, objetivos y herramientas<\/a><\/strong> de los presupuestos participativos en el distrito<\/p>\n\n\n\n<p class=\"has-medium-font-size\"><span><a rel=\"noreferrer noopener\" aria-label=\"criterios sociales (abre en una nueva pesta\u00f1a)\" style=\"font-weight: bold;\" href=\"http:\/\/fuencactiva.org\/wp-content\/uploads\/2019\/09\/criterios18.jpg\" target=\"_blank\">Criterios sociales<\/a><\/span> que estamos utilizando en el distrito, aprobados en el 2017<\/p>\n\n\n\n<p class=\"has-medium-font-size\">Propuestas aprobadas en los presupuestos participativos del 2019<\/p>\n\n\n\n<p class=\"has-medium-font-size\">Estado de ejecuci\u00f3n a 1 de septiembre de 2019 de las propuestas aprobadas en el 2018, 2017 y 2016.<\/p>\n\n\n\n<p><\/p>\n","protected":false},"excerpt":{"rendered":"<p>Los presupuestos participativos del Ayuntamiento de Madrid son competencia del \u00c1rea de Coordinaci\u00f3n Territorial, Transparencia y Participaci\u00f3n Ciudadana. En resumen, el proceso actual es el siguiente: Las personas que se inscriben realizan propuestas directamente en la plataforma digital de decidemadrid. Estas propuestas pasan por varias fases donde se aplican determinados filtros para que el listado [&hellip;]<\/p>\n","protected":false},"author":5,"featured_media":0,"parent":0,"menu_order":8,"comment_status":"closed","ping_status":"closed","template":"","meta":[],"jetpack_sharing_enabled":true,"_links":{"self":[{"href":"https:\/\/fuencactiva.org\/index.php?rest_route=\/wp\/v2\/pages\/228"}],"collection":[{"href":"https:\/\/fuencactiva.org\/index.php?rest_route=\/wp\/v2\/pages"}],"about":[{"href":"https:\/\/fuencactiva.org\/index.php?rest_route=\/wp\/v2\/types\/page"}],"author":[{"embeddable":true,"href":"https:\/\/fuencactiva.org\/index.php?rest_route=\/wp\/v2\/users\/5"}],"replies":[{"embeddable":true,"href":"https:\/\/fuencactiva.org\/index.php?rest_route=%2Fwp%2Fv2%2Fcomments&post=228"}],"version-history":[{"count":13,"href":"https:\/\/fuencactiva.org\/index.php?rest_route=\/wp\/v2\/pages\/228\/revisions"}],"predecessor-version":[{"id":3102,"href":"https:\/\/fuencactiva.org\/index.php?rest_route=\/wp\/v2\/pages\/228\/revisions\/3102"}],"wp:attachment":[{"href":"https:\/\/fuencactiva.org\/index.php?rest_route=%2Fwp%2Fv2%2Fmedia&parent=228"}],"curies":[{"name":"wp","href":"https:\/\/api.w.org\/{rel}","templated":true}]}}