{"id":2614,"date":"2019-08-20T18:43:10","date_gmt":"2019-08-20T16:43:10","guid":{"rendered":"http:\/\/fuencactiva.org\/?page_id=2614"},"modified":"2020-12-31T13:27:46","modified_gmt":"2020-12-31T12:27:46","slug":"documentos","status":"publish","type":"page","link":"https:\/\/fuencactiva.org\/?page_id=2614","title":{"rendered":"Documentos"},"content":{"rendered":"\n<p class=\"has-medium-font-size\">Para acercarnos a diferentes aspectos de la realidad, para saber lo que dicen o piensan otras personas sobre diversidad de temas, o para estar informadas de las decisiones que han tomado las instituciones en relaci\u00f3n a todo aquello que afecta a nuestras vidas, disponemos de numerosas herramientas.<\/p>\n\n\n\n<p class=\"has-medium-font-size\">Agrup\u00e1ndolos por objetivos podr\u00edamos hablar de<\/p>\n\n\n\n<p class=\"has-medium-font-size\"><strong>Los <a href=\"http:\/\/fuencactiva.org\/?page_id=592\" target=\"_blank\" rel=\"noreferrer noopener\" aria-label=\"estudios y diagn\u00f3sticos (se abre en una nueva pesta\u00f1a)\">estudios y diagn\u00f3sticos<\/a><\/strong> nos acercan a una visi\u00f3n compartida de la realidad, y podemos utilizarlos para seguir profundizando en ella.<\/p>\n\n\n\n<p class=\"has-medium-font-size\"><strong>Los <a href=\"https:\/\/fuencactiva.org\/?page_id=1083\" data-type=\"page\" data-id=\"1083\" target=\"_blank\" rel=\"noreferrer noopener\">planes<\/a>, las <a href=\"https:\/\/fuencactiva.org\/?page_id=3650\" data-type=\"page\" data-id=\"3650\" target=\"_blank\" rel=\"noreferrer noopener\">memorias e informes de evaluaci\u00f3n<\/a><\/strong> nos informan de los proyectos y programas de las diferentes entidades y de las instituciones, cuando los planifican y cuando eval\u00faan lo realizado. Esto nos ayuda a saber, por un lado, lo que pretenden hacer en un plazo determinado y, por otro, si han alcanzado los objetivos previstos. En el caso de las instituciones p\u00fablicas ambas herramientas son imprescindibles para la transparencia.<\/p>\n\n\n\n<p class=\"has-medium-font-size\"><strong>La <a rel=\"noreferrer noopener\" aria-label=\"legislaci\u00f3n y la normativa (se abre en una nueva pesta\u00f1a)\" href=\"http:\/\/fuencactiva.org\/?page_id=16\" target=\"_blank\">legislaci\u00f3n y la normativa<\/a><\/strong> que afecta a nuestras formas de relacionarnos con las instituciones, nos dicen los l\u00edmites que tenemos a la hora de poner en marcha esas relaciones. Qu\u00e9 podemos hacer, qu\u00e9 no podemos hacer y qu\u00e9 cosas no nos dicen que podamos hacerlas o no.<\/p>\n\n\n\n<p class=\"has-medium-font-size\">Las <strong><a rel=\"noreferrer noopener\" href=\"http:\/\/fuencactiva.org\/?page_id=3429\" target=\"_blank\">auditor\u00edas<\/a><\/strong>, que son documentos de evaluaci\u00f3n en los que se ponen en relaci\u00f3n una serie de variables, entre ellas el marco procedimental predefinido y la financiaci\u00f3n y manejo presupuestario.  <\/p>\n\n\n\n<p class=\"has-medium-font-size\">Es importante tener en cuenta que, en todos estos documentos no hay nada objetivo ni permanente. Es decir, no hay nada que nos diga que las cosas tienen que ser siempre as\u00ed y no de otra forma. Siempre <strong>hay que tener en cuenta el contexto pol\u00edtico, sociocultural y econ\u00f3mico en el que se producen, y las miradas desde las que se crean.<\/strong><\/p>\n\n\n\n<p class=\"has-medium-font-size\">Son, por tanto, herramientas para utilizar, pero no para \u00absacralizar\u00bb.<\/p>\n","protected":false},"excerpt":{"rendered":"<p>Para acercarnos a diferentes aspectos de la realidad, para saber lo que dicen o piensan otras personas sobre diversidad de temas, o para estar informadas de las decisiones que han tomado las instituciones en relaci\u00f3n a todo aquello que afecta a nuestras vidas, disponemos de numerosas herramientas. Agrup\u00e1ndolos por objetivos podr\u00edamos hablar de Los estudios [&hellip;]<\/p>\n","protected":false},"author":5,"featured_media":0,"parent":0,"menu_order":0,"comment_status":"closed","ping_status":"closed","template":"","meta":[],"jetpack_sharing_enabled":true,"_links":{"self":[{"href":"https:\/\/fuencactiva.org\/index.php?rest_route=\/wp\/v2\/pages\/2614"}],"collection":[{"href":"https:\/\/fuencactiva.org\/index.php?rest_route=\/wp\/v2\/pages"}],"about":[{"href":"https:\/\/fuencactiva.org\/index.php?rest_route=\/wp\/v2\/types\/page"}],"author":[{"embeddable":true,"href":"https:\/\/fuencactiva.org\/index.php?rest_route=\/wp\/v2\/users\/5"}],"replies":[{"embeddable":true,"href":"https:\/\/fuencactiva.org\/index.php?rest_route=%2Fwp%2Fv2%2Fcomments&post=2614"}],"version-history":[{"count":9,"href":"https:\/\/fuencactiva.org\/index.php?rest_route=\/wp\/v2\/pages\/2614\/revisions"}],"predecessor-version":[{"id":3665,"href":"https:\/\/fuencactiva.org\/index.php?rest_route=\/wp\/v2\/pages\/2614\/revisions\/3665"}],"wp:attachment":[{"href":"https:\/\/fuencactiva.org\/index.php?rest_route=%2Fwp%2Fv2%2Fmedia&parent=2614"}],"curies":[{"name":"wp","href":"https:\/\/api.w.org\/{rel}","templated":true}]}}