{"id":271,"date":"2015-08-10T11:28:29","date_gmt":"2015-08-10T09:28:29","guid":{"rendered":"http:\/\/fuencactiva.org\/?page_id=271"},"modified":"2019-12-21T13:14:48","modified_gmt":"2019-12-21T12:14:48","slug":"vocalias-vecinales","status":"publish","type":"page","link":"https:\/\/fuencactiva.org\/?page_id=271","title":{"rendered":"Vocal\u00edas Vecinales"},"content":{"rendered":"\n<div class=\"wp-block-group\"><div class=\"wp-block-group__inner-container is-layout-flow\">\n<p class=\"has-medium-font-size\">Seg\u00fan el art\u00ba 36 del Reglamento de los distritos, las <strong><span style=\"color: #800000;\">vocal\u00edas vecinales<\/span><\/strong> son, junto con la concejal\u00eda-presidencia y lxs concejalxs vocales, \u00abparte integrante de las Juntas Municipales de los Distritos, constituyendo un <span style=\"color: #800000;\"><strong>cauce de participaci\u00f3n de la poblaci\u00f3n en la gesti\u00f3n de los asuntos municipales que afectan a los Distritos<\/strong><\/span>.\u00bb<\/p>\n\n\n\n<p class=\"has-medium-font-size\">En este sentido, si realmente queremos profundizar en las democracias participativas, las vocal\u00edas vecinales deber\u00edan ser de\u00a0<span style=\"color: #800000;\"><strong>elecci\u00f3n directa \u00a0fuera de la l\u00f3gica de los partidos<\/strong><\/span>. <\/p>\n\n\n\n<p class=\"has-medium-font-size\">Es decir, elegidas abiertamente de un listado\u00a0de personas interesadas, \u00a0con reconocida trayectoria ciudadana, \u00a0proporcionales a la poblaci\u00f3n de cada barrio, con un m\u00ednimo de dos personas por barrio para asegurar la paridad de g\u00e9nero&#8230;, de la misma forma que desde el \u00e1mbito vecinal y ciudadano reclamamos, desde hace tiempo, la elecci\u00f3n directa de la concejal\u00eda presidencia del distrito.<\/p>\n\n\n\n<p class=\"has-medium-font-size\">Con alguna apertura ocasional, las vocalias vecinales son designadas por cada uno de los grupos pol\u00edticos con representaci\u00f3n en el Ayuntamiento, en la misma proporci\u00f3n al n\u00famero de concejal\u00edas obtenidas en las \u00faltimas elecciones municipales y, obviamente, siempre han sido personas del propio grupo pol\u00edtico. <\/p>\n\n\n\n<p class=\"has-medium-font-size\"><span style=\"color: #800000;\"><strong>Las vocal\u00edas vecinales tienen su funcionamiento regulado por el <a style=\"color: #800000;\" rel=\"noopener noreferrer\" href=\"http:\/\/www.madrid.es\/boletines-vap\/generacionPDF\/ANM2005_8.pdf?idNormativa=b71d46ec02e4f010VgnVCM1000009b25680aRCRD&amp;nombreFichero=ANM2005_8&amp;cacheKey=30\" target=\"_blank\">Reglamento Org\u00e1nico de los Distritos<\/a>, que dedica los art\u00edculos 36 a 47 a esta cuesti\u00f3n.<\/strong><\/span><\/p>\n\n\n\n<p><\/p>\n<\/div><\/div>\n","protected":false},"excerpt":{"rendered":"<p>Seg\u00fan el art\u00ba 36 del Reglamento de los distritos, las vocal\u00edas vecinales son, junto con la concejal\u00eda-presidencia y lxs concejalxs vocales, \u00abparte integrante de las Juntas Municipales de los Distritos, constituyendo un cauce de participaci\u00f3n de la poblaci\u00f3n en la gesti\u00f3n de los asuntos municipales que afectan a los Distritos.\u00bb En este sentido, si realmente [&hellip;]<\/p>\n","protected":false},"author":5,"featured_media":0,"parent":29,"menu_order":0,"comment_status":"closed","ping_status":"closed","template":"","meta":[],"jetpack_sharing_enabled":true,"_links":{"self":[{"href":"https:\/\/fuencactiva.org\/index.php?rest_route=\/wp\/v2\/pages\/271"}],"collection":[{"href":"https:\/\/fuencactiva.org\/index.php?rest_route=\/wp\/v2\/pages"}],"about":[{"href":"https:\/\/fuencactiva.org\/index.php?rest_route=\/wp\/v2\/types\/page"}],"author":[{"embeddable":true,"href":"https:\/\/fuencactiva.org\/index.php?rest_route=\/wp\/v2\/users\/5"}],"replies":[{"embeddable":true,"href":"https:\/\/fuencactiva.org\/index.php?rest_route=%2Fwp%2Fv2%2Fcomments&post=271"}],"version-history":[{"count":3,"href":"https:\/\/fuencactiva.org\/index.php?rest_route=\/wp\/v2\/pages\/271\/revisions"}],"predecessor-version":[{"id":3217,"href":"https:\/\/fuencactiva.org\/index.php?rest_route=\/wp\/v2\/pages\/271\/revisions\/3217"}],"up":[{"embeddable":true,"href":"https:\/\/fuencactiva.org\/index.php?rest_route=\/wp\/v2\/pages\/29"}],"wp:attachment":[{"href":"https:\/\/fuencactiva.org\/index.php?rest_route=%2Fwp%2Fv2%2Fmedia&parent=271"}],"curies":[{"name":"wp","href":"https:\/\/api.w.org\/{rel}","templated":true}]}}