{"id":3198,"date":"2019-12-19T18:20:51","date_gmt":"2019-12-19T17:20:51","guid":{"rendered":"http:\/\/fuencactiva.org\/?page_id=3198"},"modified":"2021-01-03T18:17:44","modified_gmt":"2021-01-03T17:17:44","slug":"plan-estrategico-y-de-gobierno","status":"publish","type":"page","link":"https:\/\/fuencactiva.org\/?page_id=3198","title":{"rendered":"Plan Estrat\u00e9gico y de Gobierno"},"content":{"rendered":"\n<p class=\"has-medium-font-size\">El <strong>Plan Estrat\u00e9gico<\/strong> es un instrumento de planificaci\u00f3n que establece los ejes estrat\u00e9gicos e indicadores para la \u00abdefinici\u00f3n, seguimiento y evaluaci\u00f3n de la estrategia municipal establecida por el Gobierno de la Ciudad para cada mandato\u00bb. <\/p>\n\n\n\n<p class=\"has-medium-font-size\">El <strong>Plan de Gobierno<\/strong> concreta las acciones de gobierno para cada eje estrat\u00e9gico definido.<\/p>\n\n\n\n<p class=\"has-medium-font-size\">Ambas herramientas se complementan con el <strong>Presupuesto Municipal<\/strong>, para llevar a cabo el Programa de Gobierno de la corporaci\u00f3n municipal en cada legislatura.<\/p>\n\n\n\n<p class=\"has-medium-font-size\">Los documentos correspondientes a la legislatura anterior y a otras anteriores, los tienes en <strong><a href=\"https:\/\/www.madrid.es\/portales\/munimadrid\/es\/Inicio\/El-Ayuntamiento\/Calidad-y-Evaluacion\/Plan-Estrategico\/?vgnextfmt=default&amp;vgnextchannel=14a270a36295d310VgnVCM2000000c205a0aRCRD&amp;vgnextoid=14a270a36295d310VgnVCM2000000c205a0aRCRD\" target=\"_blank\" rel=\"noreferrer noopener\" aria-label=\"este enlace (se abre en una nueva pesta\u00f1a)\">este enlace<\/a><\/strong>.<\/p>\n\n\n\n<p class=\"has-medium-font-size\"> Los de la legislatura actual a\u00fan no se han publicado en el portal de transparencia.<\/p>\n\n\n\n<h2 class=\"wp-block-heading\">Plan normativo<\/h2>\n\n\n\n<p class=\"has-medium-font-size\">Es un instrumento legal obligatorio para todas las administraciones p\u00fablicas, que consiste en una relaci\u00f3n de las iniciativas normativas cuya aprobaci\u00f3n se pretende para ese a\u00f1o, dentro de cada \u00e1mbito competencial. <\/p>\n\n\n\n<p class=\"has-medium-font-size\">Lo elabora y aprueba la Junta de Gobierno al comienzo de cada a\u00f1o, y se refiere a ordenanzas, reglamentos, reglamentos org\u00e1nicos y estatutos de organismos p\u00fablicos municipales.<\/p>\n\n\n\n<p class=\"has-medium-font-size\">Este es el <strong><a rel=\"noreferrer noopener\" href=\"https:\/\/sede.madrid.es\/UnidadWeb\/UGNormativas\/Normativa\/2020\/ficheros\/AnexoPlanNormativo2021.pdf\" target=\"_blank\">plan normativo para el a\u00f1o 2021<\/a><\/strong>. \u00a0La confecci\u00f3n del Plan se ha realizado teniendo en cuenta las conclusiones del\u00a0Informe de Revisi\u00f3n de Ordenanzas y Reglamentos del Ayuntamiento de Madrid elaborado en\u00a0ejecuci\u00f3n del\u00a0<a rel=\"noreferrer noopener\" href=\"https:\/\/sede.madrid.es\/UnidadWeb\/UGNormativas\/Normativa\/2020\/PlanGobernanza.pdf\" target=\"_blank\"><strong>Plan de Gobernanza y Simplificaci\u00f3n Normativa del Ayuntamiento de Madrid<\/strong><\/a>,\u00a0aprobado el 6 de febrero de 2020 por acuerdo de la Junta de Gobierno. <\/p>\n\n\n\n<h2 class=\"wp-block-heading\">Huella normativa<\/h2>\n\n\n\n<p class=\"has-medium-font-size\">Es el <strong><a rel=\"noreferrer noopener\" aria-label=\"proceso de elaboraci\u00f3n o de modificaci\u00f3n (se abre en una nueva pesta\u00f1a)\" href=\"https:\/\/transparencia.madrid.es\/FWProjects\/transparencia\/InformacionJuridica\/HuellaNormativa\/1TextosYEjemplos\/Relacionados\/HitosPublicar.pdf\" target=\"_blank\">proceso de elaboraci\u00f3n o de modificaci\u00f3n<\/a><\/strong> de la normativa municipal, y muestra los <strong><a rel=\"noreferrer noopener\" aria-label=\"tr\u00e1mites, procedimientos, plazos (se abre en una nueva pesta\u00f1a)\" href=\"https:\/\/transparencia.madrid.es\/FWProjects\/transparencia\/InformacionJuridica\/HuellaNormativa\/1TextosYEjemplos\/Relacionados\/EsquemaHuellaNormativa.pdf\" target=\"_blank\">tr\u00e1mites, procedimientos, plazos<\/a><\/strong>, de cada una de ellas. <\/p>\n\n\n\n<p class=\"has-medium-font-size\">Y si quieres ver <strong><a rel=\"noreferrer noopener\" href=\"https:\/\/transparencia.madrid.es\/portales\/transparencia\/es\/Informacion-juridica\/Plan-normativo\/Plan-Anual-Normativo-del-Ayuntamiento-de-Madrid-para-el-ano-2021\/?vgnextfmt=default&amp;vgnextoid=ff5bc84a3bb46710VgnVCM2000001f4a900aRCRD&amp;vgnextchannel=d9cf43082e350610VgnVCM2000001f4a900aRCRD\" target=\"_blank\">detalles de la huella normativa relativa a todas las \u00e1reas,<\/a><a href=\"https:\/\/transparencia.madrid.es\/portales\/transparencia\/es\/Informacion-juridica\/Plan-normativo\/Plan-Anual-Normativo-del-Ayuntamiento-de-Madrid-para-el-ano-2021\/?vgnextfmt=default&amp;vgnextoid=ff5bc84a3bb46710VgnVCM2000001f4a900aRCRD&amp;vgnextchannel=d9cf43082e350610VgnVCM2000001f4a900aRCRD\" target=\"_blank\" rel=\"noreferrer noopener\"> <\/a><a rel=\"noreferrer noopener\" href=\"https:\/\/transparencia.madrid.es\/portales\/transparencia\/es\/Informacion-juridica\/Plan-normativo\/Plan-Anual-Normativo-del-Ayuntamiento-de-Madrid-para-el-ano-2021\/?vgnextfmt=default&amp;vgnextoid=ff5bc84a3bb46710VgnVCM2000001f4a900aRCRD&amp;vgnextchannel=d9cf43082e350610VgnVCM2000001f4a900aRCRD\" target=\"_blank\">puedes acceder aqui.<\/a><\/strong><\/p>\n","protected":false},"excerpt":{"rendered":"<p>El Plan Estrat\u00e9gico es un instrumento de planificaci\u00f3n que establece los ejes estrat\u00e9gicos e indicadores para la \u00abdefinici\u00f3n, seguimiento y evaluaci\u00f3n de la estrategia municipal establecida por el Gobierno de la Ciudad para cada mandato\u00bb. El Plan de Gobierno concreta las acciones de gobierno para cada eje estrat\u00e9gico definido. Ambas herramientas se complementan con el [&hellip;]<\/p>\n","protected":false},"author":5,"featured_media":0,"parent":0,"menu_order":0,"comment_status":"closed","ping_status":"closed","template":"","meta":[],"jetpack_sharing_enabled":true,"_links":{"self":[{"href":"https:\/\/fuencactiva.org\/index.php?rest_route=\/wp\/v2\/pages\/3198"}],"collection":[{"href":"https:\/\/fuencactiva.org\/index.php?rest_route=\/wp\/v2\/pages"}],"about":[{"href":"https:\/\/fuencactiva.org\/index.php?rest_route=\/wp\/v2\/types\/page"}],"author":[{"embeddable":true,"href":"https:\/\/fuencactiva.org\/index.php?rest_route=\/wp\/v2\/users\/5"}],"replies":[{"embeddable":true,"href":"https:\/\/fuencactiva.org\/index.php?rest_route=%2Fwp%2Fv2%2Fcomments&post=3198"}],"version-history":[{"count":6,"href":"https:\/\/fuencactiva.org\/index.php?rest_route=\/wp\/v2\/pages\/3198\/revisions"}],"predecessor-version":[{"id":3687,"href":"https:\/\/fuencactiva.org\/index.php?rest_route=\/wp\/v2\/pages\/3198\/revisions\/3687"}],"wp:attachment":[{"href":"https:\/\/fuencactiva.org\/index.php?rest_route=%2Fwp%2Fv2%2Fmedia&parent=3198"}],"curies":[{"name":"wp","href":"https:\/\/api.w.org\/{rel}","templated":true}]}}