{"id":3271,"date":"2019-12-25T09:18:04","date_gmt":"2019-12-25T08:18:04","guid":{"rendered":"http:\/\/fuencactiva.org\/?page_id=3271"},"modified":"2021-08-29T12:49:02","modified_gmt":"2021-08-29T10:49:02","slug":"la-transicion","status":"publish","type":"page","link":"https:\/\/fuencactiva.org\/?page_id=3271","title":{"rendered":"La transici\u00f3n"},"content":{"rendered":"\n<p class=\"has-medium-font-size\">Como dice el&nbsp;<strong><a href=\"http:\/\/fuencactiva.org\/wp-content\/uploads\/2019\/07\/boamReglamentoFuncionamientoFFLLdic16.pdf\" target=\"_blank\" rel=\"noreferrer noopener\">Reglamento Org\u00e1nico de Funcionamiento de los Foros Locales<\/a><\/strong>, \u00e9stos se conforman al comienzo de cada legislatura, una vez que se han formado las juntas de distrito, y finalizan al t\u00e9rmino de la legislatura. Sin embargo, mientras que entre una legislatura y otra, el Ayuntamiento contin\u00faa funcionando, y lo \u00fanico que queda en suspenso es la actividad del Pleno del Ayuntamiento y de los Plenos de los distritos, hasta la conformaci\u00f3n respectiva de los mismos, en relaci\u00f3n a la continuidad del trabajo de las mesas y de la coordinaci\u00f3n entre las mismas, o de la vigencia de la vicepresidencia en funciones, el reglamento de los foros locales no dice nada.<\/p>\n\n\n\n<p class=\"has-medium-font-size\">Esta situaci\u00f3n, dio lugar a dos circulares informativas del \u00e1rea correspondiente, con el fin de situar el reconocimiento del trabajo de las mesas y vicepresidencias de los foros.<\/p>\n\n\n\n<p class=\"has-medium-font-size\"><strong><a href=\"http:\/\/fuencactiva.org\/wp-content\/uploads\/2019\/08\/Vigencia-primeros-foros-locales-24_10_18-1.pdf\" target=\"_blank\" rel=\"noreferrer noopener\">La primera<\/a><\/strong>&nbsp;de estas notas fue emitida por el \u00c1rea de Coordinaci\u00f3n Territorial y Cooperaci\u00f3n P\u00fablico Social en octubre de 2018.<\/p>\n\n\n\n<p class=\"has-medium-font-size\"><strong><a href=\"http:\/\/fuencactiva.org\/wp-content\/uploads\/2019\/08\/Vigencia-primeros-foros-locales2%C2%AA-2_07_19_def-1.pdf\" target=\"_blank\" rel=\"noreferrer noopener\">La segunda<\/a><\/strong>&nbsp;fue emitida por el \u00c1rea de Coordinaci\u00f3n Territorial, Transparencia y Participaci\u00f3n Ciudadana en julio de 2019.<\/p>\n\n\n\n<p class=\"has-medium-font-size\"><strong>En ambas quedaba claro que las mesas pueden continuar su trabajo y utilizar las dependencias municipales para ello<\/strong>, sin embargo, con la nueva corporaci\u00f3n, en la mayor\u00eda de los distritos se pusieron trabas no solo a que las mesas pudiesen reunirse en dependencias municipales, sino a que pudiesen realizar las actividades que continuaban programando.<\/p>\n\n\n\n<p class=\"has-medium-font-size\">En este periodo de transici\u00f3n, junio-diciembre de 2019, , la <strong>red de vicepresidencias en funciones<\/strong> de los 21 distritos, tuvieron tres reuniones con el nuevo \u00c1rea de Coordinaci\u00f3n Territorial, Transparencia y Participaci\u00f3n Ciudadana, con el objetivo de establecer un di\u00e1logo que facilitase, por un lado, el trabajo en los meses previos a la constituci\u00f3n del plenario del nuevo foro local y, por otro, valorar conjuntamente algunas de las mejoras que se pretenden para la nueva \u00e9poca del Foro local.<\/p>\n\n\n\n<p class=\"has-medium-font-size\"><strong>De este di\u00e1logo, sali\u00f3 la fecha de convocatoria del nuevo Foro, que dadas las fechas de constituci\u00f3n de los Plenos de las Juntas de distrito (que requer\u00edan estar formadas con anterioridad) , fue acordada para finales del mes de enero (entre el 24 de enero y el 2 de febrero). <\/strong><\/p>\n\n\n\n<p class=\"has-medium-font-size\">A lo largo de estos meses, las vicepresidencias hicieron llegar al \u00e1rea las propuestas del foro aprobadas por los plenos de las juntas, para que \u00e9stas informen del estado de ejecuci\u00f3n de las mismas, as\u00ed como otras propuestas para la mejora del funcionamiento de los foros locales, entre otras la apertura del periodo de inscripci\u00f3n de forma permanente.<\/p>\n\n\n\n<p class=\"has-medium-font-size\">En relaci\u00f3n a la inscripci\u00f3n para participar en el nuevo foro, y sabiendo que las secretar\u00edas de los distritos disponen de los datos de las personas participantes en el foro anterior,   <strong>la Direcci\u00f3n General de Participaci\u00f3n les envi\u00f3 una instrucci\u00f3n para facilitar la acreditaci\u00f3n  de las personas f\u00edsicas y jur\u00eddicas,<\/strong> comunic\u00e1ndoles v\u00eda mail que \u00bb si desean ser participantes de los nuevos Foros no ser\u00e1 necesario  realizar nueva acreditaci\u00f3n sino que bastar\u00e1 con una comunicaci\u00f3n al  distrito en respuesta a dicho correo electr\u00f3nico, en la que aquellas  personas manifiesten&nbsp;<strong>expresamente<\/strong>&nbsp;que  quieren ser participantes de los nuevos Foros Locales.&nbsp;Por el contrario, &nbsp;si  el participante no contesta o rechaza&nbsp;tal inscripci\u00f3n,  se considerar\u00e1 que causa&nbsp;baja por expiraci\u00f3n  del mandato de vigencia del Foro de acuerdo con el art\u00edculo 9.5 del ROFFLL.\u201d  <br><\/p>\n","protected":false},"excerpt":{"rendered":"<p>Como dice el&nbsp;Reglamento Org\u00e1nico de Funcionamiento de los Foros Locales, \u00e9stos se conforman al comienzo de cada legislatura, una vez que se han formado las juntas de distrito, y finalizan al t\u00e9rmino de la legislatura. Sin embargo, mientras que entre una legislatura y otra, el Ayuntamiento contin\u00faa funcionando, y lo \u00fanico que queda en suspenso [&hellip;]<\/p>\n","protected":false},"author":5,"featured_media":0,"parent":1970,"menu_order":1,"comment_status":"closed","ping_status":"closed","template":"","meta":[],"jetpack_sharing_enabled":true,"_links":{"self":[{"href":"https:\/\/fuencactiva.org\/index.php?rest_route=\/wp\/v2\/pages\/3271"}],"collection":[{"href":"https:\/\/fuencactiva.org\/index.php?rest_route=\/wp\/v2\/pages"}],"about":[{"href":"https:\/\/fuencactiva.org\/index.php?rest_route=\/wp\/v2\/types\/page"}],"author":[{"embeddable":true,"href":"https:\/\/fuencactiva.org\/index.php?rest_route=\/wp\/v2\/users\/5"}],"replies":[{"embeddable":true,"href":"https:\/\/fuencactiva.org\/index.php?rest_route=%2Fwp%2Fv2%2Fcomments&post=3271"}],"version-history":[{"count":6,"href":"https:\/\/fuencactiva.org\/index.php?rest_route=\/wp\/v2\/pages\/3271\/revisions"}],"predecessor-version":[{"id":3724,"href":"https:\/\/fuencactiva.org\/index.php?rest_route=\/wp\/v2\/pages\/3271\/revisions\/3724"}],"up":[{"embeddable":true,"href":"https:\/\/fuencactiva.org\/index.php?rest_route=\/wp\/v2\/pages\/1970"}],"wp:attachment":[{"href":"https:\/\/fuencactiva.org\/index.php?rest_route=%2Fwp%2Fv2%2Fmedia&parent=3271"}],"curies":[{"name":"wp","href":"https:\/\/api.w.org\/{rel}","templated":true}]}}