{"id":3281,"date":"2019-12-25T12:57:42","date_gmt":"2019-12-25T11:57:42","guid":{"rendered":"http:\/\/fuencactiva.org\/?page_id=3281"},"modified":"2019-12-25T18:47:11","modified_gmt":"2019-12-25T17:47:11","slug":"la-fravm","status":"publish","type":"page","link":"https:\/\/fuencactiva.org\/?page_id=3281","title":{"rendered":"La FRAVM"},"content":{"rendered":"\n<p class=\"has-medium-font-size\">La <strong><a rel=\"noreferrer noopener\" aria-label=\"Federaci\u00f3n Regional de Asociaciones Vecinales (se abre en una nueva pesta\u00f1a)\" href=\"https:\/\/aavvmadrid.org\/\" target=\"_blank\">Federaci\u00f3n Regional de Asociaciones Vecinales<\/a><\/strong> de la Comunidad de Madrid, con m\u00e1s de <strong><a rel=\"noreferrer noopener\" aria-label=\"cuarenta a\u00f1os de existencia y legalizaci\u00f3n (se abre en una nueva pesta\u00f1a)\" href=\"https:\/\/aavvmadrid.org\/participacion-ciudadana\/fravm-noticias\/fravm-40-anos-conquistas-vecinales\/\" target=\"_blank\">cuarenta a\u00f1os de existencia y legalizaci\u00f3n<\/a><\/strong>, agrupa en el 2020 a  287 colectivos de barrios, de los cuales 184 se localizan en la ciudad de Madrid. <\/p>\n\n\n\n<p class=\"has-medium-font-size\">En octubre de 2019, un encuentro vecinal de mujeres  que tuvo lugar en el Espacio de Igualdad Carme Chac\u00f3n de Hortaleza  sirvi\u00f3 para  presentar  la publicaci\u00f3n, a cargo de la FRAVM, de\u00a0<strong><a rel=\"noreferrer noopener\" aria-label=\"El Diario de Conchi Barrios: una historia de lucha feminista y vecinal, (se abre en una nueva pesta\u00f1a)\" href=\"https:\/\/aavvmadrid.org\/wp-admin\/admin-ajax.php?juwpfisadmin=false&amp;action=wpfd&amp;task=file.download&amp;wpfd_category_id=115&amp;wpfd_file_id=79471&amp;token=53e739e16e1e0da194a4684a08c80778&amp;preview=1\" target=\"_blank\">El Diario de Conchi Barrios: una historia de lucha feminista y vecinal,<\/a><\/strong> que \u201cest\u00e1\u00a0<strong>inspirado en la vida y el compromiso de las mujeres que armaron los cimientos del movimiento vecinal<\/strong>\u00a0desde los a\u00f1os sesenta del siglo XX y forjaron los barrios de aquel Madrid del \u00e9xodo rural y la periferia de chabolas\u00bb, a quienes <strong>a\u00fan hoy no se ha reconocido su papel en las luchas vecinales<\/strong> ni de entonces ni actualmente, estando infrarepresentadas en las juntas directivas, y no habiendo habido <strong>hasta el  momento ninguna mujer presidenta de la federaci\u00f3n<\/strong>.<\/p>\n\n\n\n<p class=\"has-medium-font-size\">La Asociaci\u00f3n Vecinal La Flor estamos federadas desde el inicio, habiendo celebrado nuestros 40 a\u00f1os de legalizaci\u00f3n el pasado a\u00f1o 2017: <strong><a rel=\"noreferrer noopener\" aria-label=\"40 a\u00f1os haciendo barrio (se abre en una nueva pesta\u00f1a)\" href=\"http:\/\/www.avlaflor.org\/wp-content\/uploads\/2018\/08\/CuatroD%C3%A9cadasHaciendoBarrioEdicionFinal.pdf\" target=\"_blank\">40 a\u00f1os haciendo barrio<\/a><\/strong>.<\/p>\n","protected":false},"excerpt":{"rendered":"<p>La Federaci\u00f3n Regional de Asociaciones Vecinales de la Comunidad de Madrid, con m\u00e1s de cuarenta a\u00f1os de existencia y legalizaci\u00f3n, agrupa en el 2020 a 287 colectivos de barrios, de los cuales 184 se localizan en la ciudad de Madrid. En octubre de 2019, un encuentro vecinal de mujeres que tuvo lugar en el Espacio [&hellip;]<\/p>\n","protected":false},"author":5,"featured_media":0,"parent":0,"menu_order":0,"comment_status":"closed","ping_status":"closed","template":"","meta":[],"jetpack_sharing_enabled":true,"_links":{"self":[{"href":"https:\/\/fuencactiva.org\/index.php?rest_route=\/wp\/v2\/pages\/3281"}],"collection":[{"href":"https:\/\/fuencactiva.org\/index.php?rest_route=\/wp\/v2\/pages"}],"about":[{"href":"https:\/\/fuencactiva.org\/index.php?rest_route=\/wp\/v2\/types\/page"}],"author":[{"embeddable":true,"href":"https:\/\/fuencactiva.org\/index.php?rest_route=\/wp\/v2\/users\/5"}],"replies":[{"embeddable":true,"href":"https:\/\/fuencactiva.org\/index.php?rest_route=%2Fwp%2Fv2%2Fcomments&post=3281"}],"version-history":[{"count":3,"href":"https:\/\/fuencactiva.org\/index.php?rest_route=\/wp\/v2\/pages\/3281\/revisions"}],"predecessor-version":[{"id":3287,"href":"https:\/\/fuencactiva.org\/index.php?rest_route=\/wp\/v2\/pages\/3281\/revisions\/3287"}],"wp:attachment":[{"href":"https:\/\/fuencactiva.org\/index.php?rest_route=%2Fwp%2Fv2%2Fmedia&parent=3281"}],"curies":[{"name":"wp","href":"https:\/\/api.w.org\/{rel}","templated":true}]}}