{"id":3497,"date":"2020-07-04T19:02:51","date_gmt":"2020-07-04T17:02:51","guid":{"rendered":"http:\/\/fuencactiva.org\/?page_id=3497"},"modified":"2020-12-29T13:15:44","modified_gmt":"2020-12-29T12:15:44","slug":"acuerdos-de-la-villa","status":"publish","type":"page","link":"https:\/\/fuencactiva.org\/?page_id=3497","title":{"rendered":"Acuerdos de la Villa"},"content":{"rendered":"\n<p class=\"has-medium-font-size\">En el marco de la pandemia, el 25 de mayo del a\u00f1o 2020 el equipo de gobierno y las portavoc\u00edas de los cinco grupos pol\u00edticos del Ayuntamiento de Madrid re reunieron con el objetivo de \u00abiniciar un proceso de di\u00e1logo y acuerdo que permita a la ciudad resurgir de la situaci\u00f3n provocada por la pandemia de la COVID-19\u00bb. <\/p>\n\n\n\n<p class=\"has-medium-font-size\">En dicha reuni\u00f3n se acord\u00f3 constituir \u00abuna <strong>mesa de coordinaci\u00f3n<\/strong>, formada por los portavoces de los grupos municipales, y cuatro <strong>mesas de trabajo sectoriales: de econom\u00eda y empleo; social y de vivienda; de modelo de ciudad y de cultura<\/strong>, de las saldr\u00e1 un conjunto de medidas aprobadas por unanimidad de todos los grupos, que se pondr\u00e1n en marcha en el plazo de un mes.\u00bb  <\/p>\n\n\n\n<p class=\"has-medium-font-size\">Fruto de estos trabajos, el pasado 7 de julio se aprob\u00f3 en un pleno extraordinario<strong>,<\/strong> el documento conocido como <strong><a rel=\"noreferrer noopener\" aria-label=\"Acuerdos de la Villa (se abre en una nueva pesta\u00f1a)\" href=\"http:\/\/fuencactiva.org\/wp-content\/uploads\/2020\/07\/AcuerdosDeLaVillaJulio2020.pdf\" target=\"_blank\">Acuerdos de la Villa<\/a><\/strong>. <\/p>\n\n\n\n<p class=\"has-medium-font-size\"><strong>Aunque es un avance, es tambi\u00e9n un retroceso. <\/strong><\/p>\n\n\n\n<p class=\"has-medium-font-size\">Es un avance en la medida en que se han conseguido unos m\u00ednimos acuerdos entre los grupos pol\u00edticos del consistorio.<\/p>\n\n\n\n<p class=\"has-medium-font-size\">Es un retroceso en la medida en que se ha dejado fuera al tejido asociativo de la ciudad, a las redes vecinales creadas a ra\u00edz de las necesidades sociales sobrevenidas por la pandemia a las que los servicios sociales de los distritos no consegu\u00edan atender,  y al espacio de participaci\u00f3n ciudadana institucional que son los Foros Locales.<\/p>\n\n\n\n<p class=\"has-medium-font-size\">Es, al tiempo, <strong>un recordatorio que nos hacen<\/strong>: la democracia representativa est\u00e1 en la c\u00faspide y nos van a poner m\u00e1s dif\u00edcil los caminos hacia  las democracias participativas.<\/p>\n\n\n\n<p class=\"has-medium-font-size\"><strong>Iremos m\u00e1s lentas estos pr\u00f3ximos tiempos, s\u00ed, pero ah\u00ed seguiremos, porque vamos lejos<\/strong>.<\/p>\n","protected":false},"excerpt":{"rendered":"<p>En el marco de la pandemia, el 25 de mayo del a\u00f1o 2020 el equipo de gobierno y las portavoc\u00edas de los cinco grupos pol\u00edticos del Ayuntamiento de Madrid re reunieron con el objetivo de \u00abiniciar un proceso de di\u00e1logo y acuerdo que permita a la ciudad resurgir de la situaci\u00f3n provocada por la pandemia [&hellip;]<\/p>\n","protected":false},"author":5,"featured_media":0,"parent":0,"menu_order":0,"comment_status":"closed","ping_status":"closed","template":"","meta":[],"jetpack_sharing_enabled":true,"_links":{"self":[{"href":"https:\/\/fuencactiva.org\/index.php?rest_route=\/wp\/v2\/pages\/3497"}],"collection":[{"href":"https:\/\/fuencactiva.org\/index.php?rest_route=\/wp\/v2\/pages"}],"about":[{"href":"https:\/\/fuencactiva.org\/index.php?rest_route=\/wp\/v2\/types\/page"}],"author":[{"embeddable":true,"href":"https:\/\/fuencactiva.org\/index.php?rest_route=\/wp\/v2\/users\/5"}],"replies":[{"embeddable":true,"href":"https:\/\/fuencactiva.org\/index.php?rest_route=%2Fwp%2Fv2%2Fcomments&post=3497"}],"version-history":[{"count":3,"href":"https:\/\/fuencactiva.org\/index.php?rest_route=\/wp\/v2\/pages\/3497\/revisions"}],"predecessor-version":[{"id":3624,"href":"https:\/\/fuencactiva.org\/index.php?rest_route=\/wp\/v2\/pages\/3497\/revisions\/3624"}],"wp:attachment":[{"href":"https:\/\/fuencactiva.org\/index.php?rest_route=%2Fwp%2Fv2%2Fmedia&parent=3497"}],"curies":[{"name":"wp","href":"https:\/\/api.w.org\/{rel}","templated":true}]}}