{"id":3600,"date":"2020-12-28T13:30:32","date_gmt":"2020-12-28T12:30:32","guid":{"rendered":"http:\/\/fuencactiva.org\/?page_id=3600"},"modified":"2020-12-28T13:30:33","modified_gmt":"2020-12-28T12:30:33","slug":"ayuntamiento-de-madrid","status":"publish","type":"page","link":"https:\/\/fuencactiva.org\/?page_id=3600","title":{"rendered":"Ayuntamiento de Madrid"},"content":{"rendered":"\n<p class=\"has-medium-font-size\">El Ayuntamiento de Madrid est\u00e1 regido por el <strong><a href=\"http:\/\/fuencactiva.org\/?page_id=555\" target=\"_blank\" rel=\"noreferrer noopener\">Pleno<\/a><\/strong>, con 57 concejalas y concejales de diferentes <strong><a rel=\"noreferrer noopener\" aria-label=\"Grupos Pol\u00edticos (abre en una nueva pesta\u00f1a)\" href=\"https:\/\/transparencia.madrid.es\/portales\/transparencia\/es\/Organizacion\/El-Pleno\/Grupos-politicos\/?vgnextfmt=default&amp;vgnextchannel=0d12ad8d53a28510VgnVCM2000001f4a900aRCRD\" target=\"_blank\">Grupos Pol\u00edticos<\/a><\/strong>.<\/p>\n\n\n\n<p class=\"has-medium-font-size\">El Pleno es \u201cel &nbsp;\u00f3rgano de m\u00e1xima representaci\u00f3n pol\u00edtica de los ciudadanos en el gobierno municipal\u201d y al que corresponde \u201cel debate de las grandes pol\u00edticas locales que afectan al municipio y la adopci\u00f3n de las decisiones estrat\u00e9gicas\u201d.<\/p>\n\n\n\n<p class=\"has-medium-font-size\">En este enlace puedes acceder al <strong><a rel=\"noreferrer noopener\" href=\"https:\/\/transparencia.madrid.es\/portales\/transparencia\/es\/Organizacion\/Organigramas-y-competencias\/?vgnextfmt=default&amp;vgnextchannel=6039508929a56510VgnVCM1000008a4a900aRCRD\" target=\"_blank\">organigrama y competencias<\/a><\/strong> del pleno del Ayuntamiento y de los distritos, incluyendo su composici\u00f3n, as\u00ed como de cada \u00f3rgano (Alcald\u00eda y \u00c1reas), de los organismos aut\u00f3nomos, \u00f3rganos dependientes, grupos pol\u00edticos municipales y tribunal econ\u00f3mico-administrativo municipal.<\/p>\n\n\n\n<p class=\"has-medium-font-size\">La <strong><a rel=\"noreferrer noopener\" href=\"https:\/\/transparencia.madrid.es\/portales\/transparencia\/es\/Organizacion\/Junta-de-Gobierno\/?vgnextfmt=default&amp;vgnextchannel=7c29508929a56510VgnVCM1000008a4a900aRCRD\" target=\"_blank\">Junta de Gobierno<\/a><\/strong> es el \u00f3rgano ejecutivo de direcci\u00f3n pol\u00edtica y  administrativa de la ciudad de Madrid. Est\u00e1 presidido por el Alcalde (Jos\u00e9 Luis Martinez-Almeida) y formada por las<strong> <\/strong>\u00e1reas de gobierno y la vicealcald\u00eda (Bego\u00f1a Villac\u00eds). <\/p>\n\n\n\n<p class=\"has-medium-font-size\">La Junta de Gobierno se re\u00fane semanalmente, y aqu\u00ed puedes ver sus <a rel=\"noopener noreferrer\" href=\"https:\/\/transparencia.madrid.es\/portales\/transparencia\/es\/Organizacion\/Junta-de-Gobierno\/Sesiones\/?vgnextfmt=default&amp;vgnextchannel=ce4b21867fc27510VgnVCM1000008a4a900aRCRD\" target=\"_blank\"><span style=\"color: #800000;\"><strong>acuerdos<\/strong><\/span>.<\/a><\/p>\n\n\n\n<h2 class=\"wp-block-heading\">Los distritos<\/h2>\n\n\n\n<p class=\"has-medium-font-size\">El municipio est\u00e1 dividido en estos momentos en 21 distritos, cada uno de ellos dotados de \u201c\u00f3rganos de gesti\u00f3n desconcentrada para el impulso y desarrollo de la participaci\u00f3n ciudadana en la gesti\u00f3n de los asuntos municipales y su mejora, sin perjuicio de la unidad de gobierno y gesti\u00f3n del municipio\u201d. Aqu\u00ed puedes ver sus <strong><a rel=\"noreferrer noopener\" aria-label=\"competencias (abre en una nueva pesta\u00f1a)\" href=\"http:\/\/fuencactiva.org\/wp-content\/uploads\/2019\/09\/CompetenciasDistritos2019.pdf\" target=\"_blank\">competencias<\/a><\/strong>.<\/p>\n\n\n\n<p class=\"has-medium-font-size\">Estos \u00f3rganos son:<\/p>\n\n\n\n<p class=\"has-medium-font-size\">La <strong>Junta Municipal del distrito<\/strong>, que es el \u00ab\u00f3rgano colegiado de representaci\u00f3n pol\u00edtico-vecinal, en el que, junto a cargos electivos, se articula la participaci\u00f3n ciudadana\u00bb a trav\u00e9s de las vocal\u00edas vecinales.<\/p>\n\n\n\n<p class=\"has-medium-font-size\">El <strong>Concejal o la Concejala-presidenta<\/strong><\/p>\n\n\n\n<p class=\"has-medium-font-size\">La <strong>Coordinaci\u00f3n&nbsp;del distrito<\/strong>, a la que corresponde la direcci\u00f3n y gesti\u00f3n de los servicios competencia de los distritos y de quien depende la Secretar\u00eda del Distrito.<\/p>\n\n\n\n<p class=\"has-medium-font-size\">El <strong>Foro Local<\/strong>, \u201c\u00f3rgano de informaci\u00f3n y de participaci\u00f3n ciudadana presencial y deliberativa, con capacidad para la adopci\u00f3n de acuerdos de iniciativas y propuestas acerca de todos aquellos aspectos inherentes a la acci\u00f3n municipal en el Distrito\u00bb.<\/p>\n\n\n\n<p class=\"has-medium-font-size\"><a name=\"_ftn1\" href=\"#_ftnref1\"><\/a>Si quieres ver algunos plenos de los distritos puedes enlazar con el <a rel=\"noreferrer noopener\" aria-label=\"portal de plenos de los distritos (abre en una nueva pesta\u00f1a)\" href=\"https:\/\/portalplenosdistritos.madrid.es\/cicero-portal-web\/MADRID\/actuaciones\/index.html?dominioId=1\" target=\"_blank\"><strong>portal de plenos de los distritos<\/strong><\/a> y seleccionar el distrito que desees. <\/p>\n\n\n\n<h2 class=\"wp-block-heading\">Descentralizaci\u00f3n<\/h2>\n\n\n\n<p class=\"has-medium-font-size\"> La descentralizaci\u00f3n y desconcentraci\u00f3n en el Ayuntamiento de Madrid, iniciadas en la pasada legislatura, es algo que se viene demandando hace tiempo desde diferentes sectores, no solo de la ciudadan\u00eda sino, incluso, de la propia administraci\u00f3n municipal. <\/p>\n\n\n\n<p class=\"has-medium-font-size\"><strong><a href=\"http:\/\/fuencactiva.org\/?page_id=2208\" target=\"_blank\" rel=\"noreferrer noopener\" aria-label=\"Aqu\u00ed puedes ver los pasos que se han dado hasta el momento. (se abre en una nueva pesta\u00f1a)\">Aqu\u00ed puedes ver los pasos que se han dado hasta el momento.<\/a><\/strong><\/p>\n","protected":false},"excerpt":{"rendered":"<p>El Ayuntamiento de Madrid est\u00e1 regido por el Pleno, con 57 concejalas y concejales de diferentes Grupos Pol\u00edticos. El Pleno es \u201cel &nbsp;\u00f3rgano de m\u00e1xima representaci\u00f3n pol\u00edtica de los ciudadanos en el gobierno municipal\u201d y al que corresponde \u201cel debate de las grandes pol\u00edticas locales que afectan al municipio y la adopci\u00f3n de las decisiones [&hellip;]<\/p>\n","protected":false},"author":5,"featured_media":0,"parent":0,"menu_order":0,"comment_status":"closed","ping_status":"closed","template":"","meta":[],"jetpack_sharing_enabled":true,"_links":{"self":[{"href":"https:\/\/fuencactiva.org\/index.php?rest_route=\/wp\/v2\/pages\/3600"}],"collection":[{"href":"https:\/\/fuencactiva.org\/index.php?rest_route=\/wp\/v2\/pages"}],"about":[{"href":"https:\/\/fuencactiva.org\/index.php?rest_route=\/wp\/v2\/types\/page"}],"author":[{"embeddable":true,"href":"https:\/\/fuencactiva.org\/index.php?rest_route=\/wp\/v2\/users\/5"}],"replies":[{"embeddable":true,"href":"https:\/\/fuencactiva.org\/index.php?rest_route=%2Fwp%2Fv2%2Fcomments&post=3600"}],"version-history":[{"count":1,"href":"https:\/\/fuencactiva.org\/index.php?rest_route=\/wp\/v2\/pages\/3600\/revisions"}],"predecessor-version":[{"id":3601,"href":"https:\/\/fuencactiva.org\/index.php?rest_route=\/wp\/v2\/pages\/3600\/revisions\/3601"}],"wp:attachment":[{"href":"https:\/\/fuencactiva.org\/index.php?rest_route=%2Fwp%2Fv2%2Fmedia&parent=3600"}],"curies":[{"name":"wp","href":"https:\/\/api.w.org\/{rel}","templated":true}]}}