{"id":3735,"date":"2021-08-29T13:20:26","date_gmt":"2021-08-29T11:20:26","guid":{"rendered":"http:\/\/fuencactiva.org\/?page_id=3735"},"modified":"2021-08-29T13:20:27","modified_gmt":"2021-08-29T11:20:27","slug":"aprendiendo-a-contarnos","status":"publish","type":"page","link":"https:\/\/fuencactiva.org\/?page_id=3735","title":{"rendered":"Aprendiendo a contarnos"},"content":{"rendered":"\n<p class=\"has-medium-font-size\">01. Apoyo Mutuo Comunitario<\/p>\n\n\n\n<p class=\"has-medium-font-size\">02. Derechos Sociales<\/p>\n\n\n\n<p class=\"has-medium-font-size\">03. Cultura<\/p>\n\n\n\n<p class=\"has-medium-font-size\">04. Salud Comunitaria<\/p>\n\n\n\n<p class=\"has-medium-font-size\">05. Educaci\u00f3n 1<\/p>\n\n\n\n<p class=\"has-medium-font-size\">06. Educaci\u00f3n 2<\/p>\n\n\n\n<p class=\"has-medium-font-size\">07. Educaci\u00f3n 3<\/p>\n\n\n\n<p><\/p>\n","protected":false},"excerpt":{"rendered":"<p>01. Apoyo Mutuo Comunitario 02. Derechos Sociales 03. Cultura 04. Salud Comunitaria 05. Educaci\u00f3n 1 06. Educaci\u00f3n 2 07. Educaci\u00f3n 3<\/p>\n","protected":false},"author":5,"featured_media":0,"parent":2771,"menu_order":2,"comment_status":"closed","ping_status":"closed","template":"","meta":[],"jetpack_sharing_enabled":true,"_links":{"self":[{"href":"https:\/\/fuencactiva.org\/index.php?rest_route=\/wp\/v2\/pages\/3735"}],"collection":[{"href":"https:\/\/fuencactiva.org\/index.php?rest_route=\/wp\/v2\/pages"}],"about":[{"href":"https:\/\/fuencactiva.org\/index.php?rest_route=\/wp\/v2\/types\/page"}],"author":[{"embeddable":true,"href":"https:\/\/fuencactiva.org\/index.php?rest_route=\/wp\/v2\/users\/5"}],"replies":[{"embeddable":true,"href":"https:\/\/fuencactiva.org\/index.php?rest_route=%2Fwp%2Fv2%2Fcomments&post=3735"}],"version-history":[{"count":1,"href":"https:\/\/fuencactiva.org\/index.php?rest_route=\/wp\/v2\/pages\/3735\/revisions"}],"predecessor-version":[{"id":3736,"href":"https:\/\/fuencactiva.org\/index.php?rest_route=\/wp\/v2\/pages\/3735\/revisions\/3736"}],"up":[{"embeddable":true,"href":"https:\/\/fuencactiva.org\/index.php?rest_route=\/wp\/v2\/pages\/2771"}],"wp:attachment":[{"href":"https:\/\/fuencactiva.org\/index.php?rest_route=%2Fwp%2Fv2%2Fmedia&parent=3735"}],"curies":[{"name":"wp","href":"https:\/\/api.w.org\/{rel}","templated":true}]}}