{"id":45,"date":"2015-07-31T22:42:17","date_gmt":"2015-07-31T20:42:17","guid":{"rendered":"https:\/\/fuencactiva.wordpress.com\/?page_id=45"},"modified":"2020-12-31T13:35:29","modified_gmt":"2020-12-31T12:35:29","slug":"participacion-presupuestaria","status":"publish","type":"page","link":"https:\/\/fuencactiva.org\/?page_id=45","title":{"rendered":"Presupuesto Municipal"},"content":{"rendered":"\n<p class=\"has-medium-font-size\">El presupuesto municipal se encuentra regulado por la&nbsp;<strong><a href=\"http:\/\/datos.madrid.es\/FWProjects\/egob\/contenidos\/datasets\/ficheros\/HaciendaPresupuestos\/normativa_estruc_presupt_marzo_2014.pdf\" target=\"_blank\" rel=\"noopener noreferrer\">Orden EHA\/3565\/2008, de 3 de diciembre, por la que se aprueba la estructura de los presupuestos de las entidades locales<\/a>.<\/strong><\/p>\n\n\n\n<p class=\"has-medium-font-size\">El presupuesto municipal es competencia del Pleno del Ayuntamiento, aunque el equipo de Gobierno puede decidir vincularse a los resultados de procesos participativos que realice, ya sea a escala municipal o a escala distrital.<\/p>\n\n\n\n<h2 class=\"wp-block-heading\">Presupuesto municipal e impacto de g\u00e9nero<\/h2>\n\n\n\n<p class=\"has-medium-font-size\">La Ley Org\u00e1nica de Igualdad (LO3\/2007) dice que las administraciones p\u00fablicas integrar\u00e1n el informe de impacto de g\u00e9nero de forma activa en su normativa y presupuestos p\u00fablicos en todos los \u00e1mbitos y actividades.<\/p>\n\n\n\n<p class=\"has-medium-font-size\">En el Ayuntamiento de Madrid, se comienza a trabajar en ello en el a\u00f1o 2016, con la creaci\u00f3n de la <strong>Comisi\u00f3n de Evaluaci\u00f3n de Impacto de G\u00e9nero en el Presupuesto del Ayuntamiento<\/strong>, el <strong>Plan Estrat\u00e9gico para la Igualdad de G\u00e9nero (2018-2020)<\/strong> y las <strong>Directrices para la aplicaci\u00f3n de la transversalidad de g\u00e9nero en el Ayuntamiento de Madrid<\/strong> (2018).<\/p>\n\n\n\n<p class=\"has-medium-font-size\">En el 2017 se crea la <strong>Plataforma Feminista Ante el Presupuesto Municipal<\/strong> (PFAPM) donde participan, junto a asociaciones feministas, las mesas de igualdad de los foros locales. Esta plataforma analiza el proyecto de presupuesto anual y hace propuestas de modificaci\u00f3n, en funci\u00f3n de las memorias de cumplimiento de objetivos en igualdad (MCOI). <\/p>\n\n\n\n<p class=\"has-medium-font-size\">Y el a\u00f1o 2020 se ha publicado un nuevo <strong><a rel=\"noreferrer noopener\" href=\"https:\/\/www.madrid.es\/portales\/munimadrid\/es\/Inicio\/Igualdad-y-diversidad\/Publicaciones\/Sistema-de-Indicadores-de-Genero\/?vgnextfmt=default&amp;vgnextoid=1f1a1a2553332710VgnVCM2000001f4a900aRCRD&amp;vgnextchannel=37faaaa26f535510VgnVCM1000008a4a900aRCRD\" target=\"_blank\">Sistema de indicadores de G\u00e9nero para medir el avance de la igualdad en Madrid.<\/a><\/strong><\/p>\n\n\n\n<h2 class=\"wp-block-heading\">Presupuesto 2021<\/h2>\n\n\n\n<p class=\"has-medium-font-size\">El <strong>presupuesto municipal para el a\u00f1o 2021<\/strong>, se encuentra en estos documentos.<\/p>\n\n\n\n<ul><li><a rel=\"noreferrer noopener\" href=\"https:\/\/www.madrid.es\/UnidadesDescentralizadas\/Presupuestos\/PresupuestosAnuales\/Ppto2021\/Proyecto2021\/FicherosProyecto2021\/tomo1_proy_2021.pdf\" target=\"_blank\">Tomo 1. Bases de Ejecuci\u00f3n. Estructura&nbsp;(1 Mbytes pdf)<\/a><\/li><li><a rel=\"noreferrer noopener\" href=\"https:\/\/www.madrid.es\/UnidadesDescentralizadas\/Presupuestos\/PresupuestosAnuales\/Ppto2021\/Proyecto2021\/FicherosProyecto2021\/tomo2_1_proy_2021.pdf\" target=\"_blank\">Tomo 2.1. Ingresos y Gastos. Secciones 100 a 190 &#8211; 300 a 320&nbsp;(3 Mbytes pdf)<\/a><\/li><li><a rel=\"noreferrer noopener\" href=\"https:\/\/www.madrid.es\/UnidadesDescentralizadas\/Presupuestos\/PresupuestosAnuales\/Ppto2021\/Proyecto2021\/FicherosProyecto2021\/tomo2_2_proy_2021.pdf\" target=\"_blank\">Tomo 2.2. Presupuesto Gastos. Secciones 201 a 210&nbsp;(3 Mbytes pdf)<\/a><\/li><li><a rel=\"noreferrer noopener\" href=\"https:\/\/www.madrid.es\/UnidadesDescentralizadas\/Presupuestos\/PresupuestosAnuales\/Ppto2021\/Proyecto2021\/FicherosProyecto2021\/tomo2_3_proy_2021.pdf\" target=\"_blank\">Tomo 2.3. Presupuesto Gastos. Secciones 211 a 221&nbsp;(3 Mbytes pdf)<\/a><\/li><li><a rel=\"noreferrer noopener\" href=\"https:\/\/www.madrid.es\/UnidadesDescentralizadas\/Presupuestos\/PresupuestosAnuales\/Ppto2021\/Proyecto2021\/FicherosProyecto2021\/Tomo3_proy_2021.pdf\" target=\"_blank\">Tomo 3. Organismos Aut\u00f3nomos&nbsp;(1 Mbytes pdf)<\/a><\/li><li><a rel=\"noreferrer noopener\" href=\"https:\/\/www.madrid.es\/UnidadesDescentralizadas\/Presupuestos\/PresupuestosAnuales\/Ppto2021\/Proyecto2021\/FicherosProyecto2021\/Tomo4_proy_2021.pdf\" target=\"_blank\">Tomo 4. Sociedades Mercantiles y Entes Dependientes&nbsp;(2 Mbytes pdf)<\/a><\/li><li><a rel=\"noreferrer noopener\" href=\"https:\/\/www.madrid.es\/UnidadesDescentralizadas\/Presupuestos\/PresupuestosAnuales\/Ppto2021\/Proyecto2021\/FicherosProyecto2021\/Tomo5_proy_2021.pdf\" target=\"_blank\">Tomo 5. Memoria e Informe Econ\u00f3mico-Financiero&nbsp;(5 Mbytes pdf)<\/a><\/li><li><a rel=\"noreferrer noopener\" href=\"https:\/\/www.madrid.es\/UnidadesDescentralizadas\/Presupuestos\/PresupuestosAnuales\/Ppto2021\/Proyecto2021\/FicherosProyecto2021\/Tomo6_proy_2021.pdf\" target=\"_blank\">Tomo 6. Anexo de Inversiones. Inversiones Territorializadas&nbsp;(3 Mbytes pdf)<\/a><\/li><li><a rel=\"noreferrer noopener\" href=\"https:\/\/www.madrid.es\/UnidadesDescentralizadas\/Presupuestos\/PresupuestosAnuales\/Ppto2021\/Proyecto2021\/FicherosProyecto2021\/Tomo7_proy_2021.pdf\" target=\"_blank\">Tomo 7. Anexo de Personal Ayuntamiento&nbsp;(1 Mbytes pdf)<\/a><\/li><li><a rel=\"noreferrer noopener\" href=\"https:\/\/www.madrid.es\/UnidadesDescentralizadas\/Presupuestos\/PresupuestosAnuales\/Ppto2021\/Proyecto2021\/FicherosProyecto2021\/Tomo8_proy_2021.pdf\" target=\"_blank\">Tomo 8. Estado de Ejecuci\u00f3n a 30 Septiembre de 2020&nbsp;(4 Mbytes pdf)<\/a><\/li><li><a rel=\"noreferrer noopener\" href=\"https:\/\/www.madrid.es\/UnidadesDescentralizadas\/Presupuestos\/PresupuestosAnuales\/Ppto2021\/Proyecto2021\/FicherosProyecto2021\/Tomo9_proy_2021.pdf\" target=\"_blank\">Tomo 9. Liquidaci\u00f3n Presupuesto 2019&nbsp;(21 Mbytes pdf)<\/a><\/li><li><a rel=\"noreferrer noopener\" href=\"https:\/\/www.madrid.es\/UnidadesDescentralizadas\/Presupuestos\/PresupuestosAnuales\/Ppto2021\/Proyecto2021\/FicherosProyecto2021\/Tomo10_proy_2021.pdf\" target=\"_blank\">Tomo 10. Memoria Econ\u00f3mica&nbsp;(1 Mbytes pdf)<\/a><\/li><li><a rel=\"noreferrer noopener\" href=\"https:\/\/www.madrid.es\/UnidadesDescentralizadas\/Presupuestos\/PresupuestosAnuales\/Ppto2021\/Proyecto2021\/FicherosProyecto2021\/Tomo11_proy_2021.pdf\" target=\"_blank\">Tomo 11. Informe de Impacto de G\u00e9nero. Memorias por Programa&nbsp;(4 Mbytes pdf)<\/a><\/li><\/ul>\n\n\n\n<h2 class=\"wp-block-heading\">Ejecuci\u00f3n del presupuesto<\/h2>\n\n\n\n<p class=\"has-medium-font-size\">Una vez aprobado, el presupuesto va ejecut\u00e1ndose a lo largo del a\u00f1o, pudi\u00e9ndose disponer de informaci\u00f3n actualizada, tanto del \u00e1mbito ciudad como de cada uno de los distritos en el portal <a rel=\"noopener noreferrer\" href=\"https:\/\/presupuestosabiertos.madrid.es\/es\/visita-guiada\" target=\"_blank\"><strong>presupuestos abiertos, <\/strong><\/a>donde, adem\u00e1s, encontrar\u00e1s un glosario bastante asequible, que enlazamos directamente <a rel=\"noopener noreferrer\" href=\"https:\/\/presupuestosabiertos.madrid.es\/es\/glosario?page=1\" target=\"_blank\"><strong>aqu\u00ed.<\/strong><\/a><\/p>\n\n\n\n<p class=\"has-medium-font-size\">Para hacer el seguimiento, es importante ir viendo los <strong><a rel=\"noreferrer noopener\" aria-label=\"boletines de ejecuci\u00f3n presupuestaria por meses. (abre en una nueva pesta\u00f1a)\" href=\"https:\/\/www.madrid.es\/portales\/munimadrid\/es\/Inicio\/El-Ayuntamiento\/Informacion-financiera-y-presupuestaria\/Presupuestos\/Ejecucion-presupuestaria\/Boletines-de-seguimiento\/Boletines-de-seguimiento-de-la-ejecucion-presupuestaria\/?vgnextfmt=default&amp;vgnextoid=b642394e370fd210VgnVCM1000000b205a0aRCRD&amp;vgnextchannel=2415609b792f8210VgnVCM2000000c205a0aRCRD\" target=\"_blank\">boletines de ejecuci\u00f3n presupuestaria por meses<\/a><\/strong>, as\u00ed como las <strong><a rel=\"noreferrer noopener\" aria-label=\"modificaciones presupuestarias que se aprueban en los Plenos del Ayuntamiento (abre en una nueva pesta\u00f1a)\" href=\"https:\/\/www.madrid.es\/portales\/munimadrid\/es\/Inicio\/El-Ayuntamiento\/Informacion-financiera-y-presupuestaria\/Presupuestos\/Ejecucion-presupuestaria\/Modificaciones-presupuestarias\/Modificaciones-presupuestarias-aprobadas-por-el-Pleno-del-Ayuntamiento\/?vgnextfmt=default&amp;vgnextoid=be9086ac85c6e210VgnVCM2000000c205a0aRCRD&amp;vgnextchannel=65ac131a6f1ee210VgnVCM1000000b205a0aRCRD\" target=\"_blank\">modificaciones presupuestarias que se aprueban en los Plenos del Ayuntamiento<\/a><\/strong>. <\/p>\n\n\n\n<p class=\"has-medium-font-size\"> Esta informaci\u00f3n, sin embargo, no es inmediata para el mes anterior al que se accede, sino tarda en publicarse con algunos meses de diferencia.<\/p>\n\n\n\n<p class=\"has-medium-font-size\">Puedes encontrar informaci\u00f3n del presupuesto municipal en diferentes p\u00e1ginas dentro de la web del ayuntamiento, por ejemplo, en el <strong><a rel=\"noreferrer noopener\" aria-label=\"portal de datos abiertos (se abre en una nueva pesta\u00f1a)\" href=\"https:\/\/datos.madrid.es\/sites\/v\/index.jsp?vgnextoid=9062dd2e34a6f610VgnVCM1000001d4a900aRCRD&amp;vgnextchannel=374512b9ace9f310VgnVCM100000171f5a0aRCRD\" target=\"_blank\">portal de datos abiertos<\/a><\/strong>, pero la estructura informativa de presupuestos abiertos nos parece m\u00e1s asequible para las vecinas y vecinos.<\/p>\n\n\n\n<h2 class=\"wp-block-heading\">Memorias de cumplimiento de objetivos (MCO)<\/h2>\n\n\n\n<p class=\"has-medium-font-size\">Al finalizar el ejercicio anual, se realiza la memoria de cumplimiento de objetivos, que suele tardar unos meses en estar disponible, y que acompa\u00f1a a la Cuenta General.<\/p>\n\n\n\n<p class=\"has-medium-font-size\">En <strong><a href=\"https:\/\/www.madrid.es\/portales\/munimadrid\/es\/Inicio\/El-Ayuntamiento\/Informacion-financiera-y-presupuestaria\/Presupuestos\/Ejecucion-presupuestaria\/Memorias-de-cumplimiento-de-objetivos\/?vgnextfmt=default&amp;vgnextchannel=2f78c1258a2f8210VgnVCM2000000c205a0aRCRD\" target=\"_blank\" rel=\"noreferrer noopener\">este enlace tienes las MCO<\/a><\/strong> de los \u00faltimos cinco a\u00f1os.<\/p>\n\n\n\n<h2 class=\"wp-block-heading\">Las inversiones financieramente sostenibles (IFS)<\/h2>\n\n\n\n<p class=\"has-medium-font-size\">La Ley Reguladora de las Haciendas Locales (Real Decreto Legislativo 2\/2004 de 5 de marzo, dice que \u201clas entidades locales que tengan super\u00e1vit o remanente de tesorer\u00eda positivo y que no hayan sobrepasado los l\u00edmites de deuda que tengan autorizados, podr\u00e1n destinar sus excedentes presupuestarios a inversiones que tengan que ver con actuaciones sostenibles.\u201d<\/p>\n\n\n\n<p class=\"has-medium-font-size\">Estas inversiones no pueden tener una vida \u00fatil inferior a 5 a\u00f1os, ni puede referirse a adquisici\u00f3n de mobiliario, enseres y veh\u00edculos, salvo que se destinen a la prestaci\u00f3n del servicio p\u00fablico de transporte. Asimismo, han de contratarse y ejecutarse dentro del a\u00f1o en el que se deciden .<\/p>\n\n\n\n<p class=\"has-medium-font-size\">Sin embargo, el <a href=\"https:\/\/www.boe.es\/eli\/es\/rdl\/2019\/03\/29\/10\/dof\/spa\/pdf\" target=\"_blank\" rel=\"noopener noreferrer\"><strong>Real Decreto-ley 10\/2019, de 29 de marzo<\/strong><\/a>, por el que se prorroga para 2019 el destino del super\u00e1vit de comunidades aut\u00f3nomas y de las entidades locales para inversiones financieramente sostenibles, dice en su art\u00edculo 2, que \u00abe<span style=\"color: #000000;\">n el supuesto de que un proyecto de inversi\u00f3n no pueda ejecutarse \u00edntegramente en 2019, la parte restante del gasto autorizado en 2019 se podr\u00e1 comprometer y reconocer en el ejercicio 2020, financi\u00e1ndose con cargo al remanente de tesorer\u00eda de 2019 que quedar\u00e1 afectado a ese fin por ese importe restante y la Corporaci\u00f3n Local no podr\u00e1 incurrir en d\u00e9ficit al final del ejercicio 2020.\u00bb<\/span><\/p>\n\n\n\n<p class=\"has-medium-font-size\">Para realizar el seguimiento de las IFS puedes ver<strong> <a rel=\"noopener noreferrer\" href=\"https:\/\/www.madrid.es\/portales\/munimadrid\/es\/Inicio\/El-Ayuntamiento\/Informacion-financiera-y-presupuestaria\/Presupuestos\/Estabilidad-presupuestaria\/Inversiones-Financieramente-Sostenibles\/?vgnextfmt=default&amp;vgnextoid=d3c588004621c410VgnVCM2000000c205a0aRCRD&amp;vgnextchannel=dd6f47283d149410VgnVCM1000000b205a0aRCRD\" target=\"_blank\">esta p\u00e1gina<\/a><\/strong>, donde encontrar\u00e1s las memorias de ejecuci\u00f3n de lo \u00faltimos a\u00f1os (2014-2018), y el estado de tramitaci\u00f3n-ejecuci\u00f3n inicial del 2019.<\/p>\n","protected":false},"excerpt":{"rendered":"<p>El presupuesto municipal se encuentra regulado por la&nbsp;Orden EHA\/3565\/2008, de 3 de diciembre, por la que se aprueba la estructura de los presupuestos de las entidades locales. El presupuesto municipal es competencia del Pleno del Ayuntamiento, aunque el equipo de Gobierno puede decidir vincularse a los resultados de procesos participativos que realice, ya sea a [&hellip;]<\/p>\n","protected":false},"author":5,"featured_media":0,"parent":0,"menu_order":7,"comment_status":"closed","ping_status":"closed","template":"","meta":[],"jetpack_sharing_enabled":true,"_links":{"self":[{"href":"https:\/\/fuencactiva.org\/index.php?rest_route=\/wp\/v2\/pages\/45"}],"collection":[{"href":"https:\/\/fuencactiva.org\/index.php?rest_route=\/wp\/v2\/pages"}],"about":[{"href":"https:\/\/fuencactiva.org\/index.php?rest_route=\/wp\/v2\/types\/page"}],"author":[{"embeddable":true,"href":"https:\/\/fuencactiva.org\/index.php?rest_route=\/wp\/v2\/users\/5"}],"replies":[{"embeddable":true,"href":"https:\/\/fuencactiva.org\/index.php?rest_route=%2Fwp%2Fv2%2Fcomments&post=45"}],"version-history":[{"count":51,"href":"https:\/\/fuencactiva.org\/index.php?rest_route=\/wp\/v2\/pages\/45\/revisions"}],"predecessor-version":[{"id":3672,"href":"https:\/\/fuencactiva.org\/index.php?rest_route=\/wp\/v2\/pages\/45\/revisions\/3672"}],"wp:attachment":[{"href":"https:\/\/fuencactiva.org\/index.php?rest_route=%2Fwp%2Fv2%2Fmedia&parent=45"}],"curies":[{"name":"wp","href":"https:\/\/api.w.org\/{rel}","templated":true}]}}